{"id":101,"date":"2021-03-18T12:27:21","date_gmt":"2021-03-18T15:27:21","guid":{"rendered":"https:\/\/firecast.app\/?page_id=101"},"modified":"2024-07-13T10:43:33","modified_gmt":"2024-07-13T13:43:33","slug":"download","status":"publish","type":"page","link":"https:\/\/firecast.app\/en_us\/download\/","title":{"rendered":"Downloads"},"content":{"rendered":"<div data-elementor-type=\"wp-page\" data-elementor-id=\"101\" class=\"elementor elementor-101\">\n\t\t\t\t\t\t\t\t\t<section class=\"elementor-section elementor-top-section elementor-element elementor-element-c73373f elementor-section-content-middle elementor-section-full_width elementor-section-height-min-height elementor-section-height-default elementor-section-items-middle\" data-id=\"c73373f\" data-element_type=\"section\" id=\"banner\" data-settings=\"{&quot;background_background&quot;:&quot;classic&quot;}\">\n\t\t\t\t\t\t<div class=\"elementor-container elementor-column-gap-no\">\n\t\t\t\t\t<div class=\"elementor-column elementor-col-100 elementor-top-column elementor-element elementor-element-4ce4f1b\" data-id=\"4ce4f1b\" data-element_type=\"column\" data-settings=\"{&quot;background_background&quot;:&quot;classic&quot;}\">\n\t\t\t<div class=\"elementor-widget-wrap elementor-element-populated\">\n\t\t\t\t\t\t\t\t<section class=\"elementor-section elementor-inner-section elementor-element elementor-element-568efdb elementor-section-full_width elementor-section-content-middle elementor-section-height-default elementor-section-height-default\" data-id=\"568efdb\" data-element_type=\"section\">\n\t\t\t\t\t\t<div class=\"elementor-container elementor-column-gap-no\">\n\t\t\t\t\t<div class=\"elementor-column elementor-col-100 elementor-inner-column elementor-element elementor-element-2b6b626\" data-id=\"2b6b626\" data-element_type=\"column\">\n\t\t\t<div class=\"elementor-widget-wrap elementor-element-populated\">\n\t\t\t\t\t\t\t\t<div class=\"elementor-element elementor-element-7d6c9c0 premium-header-block elementor-widget elementor-widget-premium-addon-dual-header\" data-id=\"7d6c9c0\" data-element_type=\"widget\" data-widget_type=\"premium-addon-dual-header.default\">\n\t\t\t\t<div class=\"elementor-widget-container\">\n\t\t\t\n\t\t\t\t\t<h2 class=\"premium-dual-header-first-header\"><span class=\"premium-dual-header-first-span\">FIRECAST <\/span><span class=\"premium-dual-header-second-header\">DOWNLOAD<\/span><\/h2> \t\t\n\t\t\t\t<\/div>\n\t\t\t\t<\/div>\n\t\t\t\t<div class=\"elementor-element elementor-element-e99dc77 elementor-widget elementor-widget-text-editor\" data-id=\"e99dc77\" data-element_type=\"widget\" data-widget_type=\"text-editor.default\">\n\t\t\t\t<div class=\"elementor-widget-container\">\n\t\t\t\t\t\t\t<p>Ready in 3 steps: Download, Install and Play<\/p>\t\t\t\t\t\t<\/div>\n\t\t\t\t<\/div>\n\t\t\t\t\t<\/div>\n\t\t<\/div>\n\t\t\t\t\t\t\t<\/div>\n\t\t<\/section>\n\t\t\t\t\t<\/div>\n\t\t<\/div>\n\t\t\t\t\t\t\t<\/div>\n\t\t<\/section>\n\t\t\t\t<section class=\"elementor-section elementor-top-section elementor-element elementor-element-480533e elementor-section-boxed elementor-section-height-default elementor-section-height-default\" data-id=\"480533e\" data-element_type=\"section\" data-settings=\"{&quot;background_background&quot;:&quot;classic&quot;}\">\n\t\t\t\t\t\t<div class=\"elementor-container elementor-column-gap-default\">\n\t\t\t\t\t<div class=\"elementor-column elementor-col-100 elementor-top-column elementor-element elementor-element-ce6be0f\" data-id=\"ce6be0f\" data-element_type=\"column\">\n\t\t\t<div class=\"elementor-widget-wrap elementor-element-populated\">\n\t\t\t\t\t\t\t\t<div class=\"elementor-element elementor-element-a68cf24 premium-header-inline elementor-widget elementor-widget-premium-addon-dual-header\" data-id=\"a68cf24\" data-element_type=\"widget\" data-widget_type=\"premium-addon-dual-header.default\">\n\t\t\t\t<div class=\"elementor-widget-container\">\n\t\t\t\n\t\t\t\t\t<h2 class=\"premium-dual-header-first-header\"><span class=\"premium-dual-header-first-span\">DOWNLOAD <\/span><span class=\"premium-dual-header-second-header\">LINKS<\/span><\/h2> \t\t\n\t\t\t\t<\/div>\n\t\t\t\t<\/div>\n\t\t\t\t<div class=\"elementor-element elementor-element-0e4f077 premium-header-inline elementor-widget elementor-widget-premium-addon-dual-header\" data-id=\"0e4f077\" data-element_type=\"widget\" data-no-translation=\"\" data-widget_type=\"premium-addon-dual-header.default\">\n\t\t\t\t<div class=\"elementor-widget-container\">\n\t\t\t<style>.elementor-element-0e4f077{display:none !important}<\/style>\t\t<\/div>\n\t\t\t\t<\/div>\n\t\t\t\t<section class=\"elementor-section elementor-inner-section elementor-element elementor-element-a7ca759 elementor-section-full_width elementor-section-content-middle elementor-section-height-default elementor-section-height-default\" data-id=\"a7ca759\" data-element_type=\"section\" data-settings=\"{&quot;background_background&quot;:&quot;classic&quot;}\">\n\t\t\t\t\t\t<div class=\"elementor-container elementor-column-gap-default\">\n\t\t\t\t\t<div class=\"elementor-column elementor-col-20 elementor-inner-column elementor-element elementor-element-c1522d8\" data-id=\"c1522d8\" data-element_type=\"column\">\n\t\t\t<div class=\"elementor-widget-wrap elementor-element-populated\">\n\t\t\t\t\t\t\t\t<div class=\"elementor-element elementor-element-99908ff premium-header-inline elementor-widget elementor-widget-premium-addon-dual-header\" data-id=\"99908ff\" data-element_type=\"widget\" data-widget_type=\"premium-addon-dual-header.default\">\n\t\t\t\t<div class=\"elementor-widget-container\">\n\t\t\t\n\t\t\t\t\t<h2 class=\"premium-dual-header-first-header\"><span class=\"premium-dual-header-first-span\">MAIN SOFTWARE <\/span><\/h2> \t\t\n\t\t\t\t<\/div>\n\t\t\t\t<\/div>\n\t\t\t\t\t<\/div>\n\t\t<\/div>\n\t\t\t\t<div class=\"elementor-column elementor-col-20 elementor-inner-column elementor-element elementor-element-bc589fc\" data-id=\"bc589fc\" data-element_type=\"column\">\n\t\t\t<div class=\"elementor-widget-wrap elementor-element-populated\">\n\t\t\t\t\t\t\t\t<div class=\"elementor-element elementor-element-31f70b6 elementor-widget__width-initial elementor-widget elementor-widget-html\" data-id=\"31f70b6\" data-element_type=\"widget\" data-widget_type=\"html.default\">\n\t\t\t\t<div class=\"elementor-widget-container\">\n\t\t\t<script type=\"module\" src=\"https:\/\/get.microsoft.com\/badge\/ms-store-badge.bundled.js\"><\/script>\r\n\r\n<div style=\"text-align:center\">\r\n<ms-store-badge productid=\"XP9B1DQSFR12KZ\" size=\"small\"><\/ms-store-badge>\r\n<\/div>\r\n\r\n<p style=\"margin-top:-6px;font-size:12px;text-align:center\">Using Windows Store<\/p>\r\n\t\t<\/div>\n\t\t\t\t<\/div>\n\t\t\t\t\t<\/div>\n\t\t<\/div>\n\t\t\t\t<div class=\"elementor-column elementor-col-20 elementor-inner-column elementor-element elementor-element-498bce6\" data-id=\"498bce6\" data-element_type=\"column\">\n\t\t\t<div class=\"elementor-widget-wrap elementor-element-populated\">\n\t\t\t\t\t\t\t\t<div class=\"elementor-element elementor-element-cc2caf7 elementor-widget__width-initial elementor-widget elementor-widget-image\" data-id=\"cc2caf7\" data-element_type=\"widget\" data-widget_type=\"image.default\">\n\t\t\t\t<div class=\"elementor-widget-container\">\n\t\t\t\t\t\t\t\t\t\t\t\t\t\t\t\t<a href=\"https:\/\/play.google.com\/store\/apps\/details?id=app.firecast.firecast\">\n\t\t\t\t\t\t\t<img decoding=\"async\" width=\"64\" height=\"64\" src=\"https:\/\/firecast.app\/wp-content\/uploads\/2023\/03\/pngwing.com_.png\" class=\"attachment-medium size-medium wp-image-2043\" alt=\"\" loading=\"lazy\" srcset=\"https:\/\/firecast.app\/wp-content\/uploads\/2023\/03\/pngwing.com_.png 64w, https:\/\/firecast.app\/wp-content\/uploads\/2023\/03\/pngwing.com_-12x12.png 12w\" sizes=\"(max-width: 64px) 100vw, 64px\" \/>\t\t\t\t\t\t\t\t<\/a>\n\t\t\t\t\t\t\t\t\t\t\t\t\t\t\t<\/div>\n\t\t\t\t<\/div>\n\t\t\t\t<div class=\"elementor-element elementor-element-fb5178f elementor-widget-mobile__width-initial elementor-widget elementor-widget-html\" data-id=\"fb5178f\" data-element_type=\"widget\" data-widget_type=\"html.default\">\n\t\t\t\t<div class=\"elementor-widget-container\">\n\t\t\t<p style=\"font-size:12px;text-align:center;width:165px\">Para Android<\/p>\t\t<\/div>\n\t\t\t\t<\/div>\n\t\t\t\t\t<\/div>\n\t\t<\/div>\n\t\t\t\t<div class=\"elementor-column elementor-col-20 elementor-inner-column elementor-element elementor-element-fb0ce53\" data-id=\"fb0ce53\" data-element_type=\"column\">\n\t\t\t<div class=\"elementor-widget-wrap elementor-element-populated\">\n\t\t\t\t\t\t\t\t<div class=\"elementor-element elementor-element-02f3c0f elementor-widget__width-initial elementor-widget elementor-widget-image\" data-id=\"02f3c0f\" data-element_type=\"widget\" data-widget_type=\"image.default\">\n\t\t\t\t<div class=\"elementor-widget-container\">\n\t\t\t\t\t\t\t\t\t\t\t\t\t\t\t\t<a href=\"https:\/\/firecast.app\/downloads\/firecast8_13_macos64.pkg\">\n\t\t\t\t\t\t\t<img decoding=\"async\" width=\"52\" height=\"52\" src=\"https:\/\/firecast.app\/wp-content\/uploads\/2022\/05\/macos_white_52x52.png\" class=\"attachment-large size-large wp-image-1922\" alt=\"\" loading=\"lazy\" srcset=\"https:\/\/firecast.app\/wp-content\/uploads\/2022\/05\/macos_white_52x52.png 52w, https:\/\/firecast.app\/wp-content\/uploads\/2022\/05\/macos_white_52x52-12x12.png 12w\" sizes=\"(max-width: 52px) 100vw, 52px\" \/>\t\t\t\t\t\t\t\t<\/a>\n\t\t\t\t\t\t\t\t\t\t\t\t\t\t\t<\/div>\n\t\t\t\t<\/div>\n\t\t\t\t<div class=\"elementor-element elementor-element-96ebded elementor-widget-mobile__width-initial elementor-widget elementor-widget-html\" data-id=\"96ebded\" data-element_type=\"widget\" data-widget_type=\"html.default\">\n\t\t\t\t<div class=\"elementor-widget-container\">\n\t\t\t<p style=\"font-size:12px;text-align:center;width:165px\">For MacOS<\/p>\t\t<\/div>\n\t\t\t\t<\/div>\n\t\t\t\t\t<\/div>\n\t\t<\/div>\n\t\t\t\t<div class=\"elementor-column elementor-col-20 elementor-inner-column elementor-element elementor-element-617f8ec\" data-id=\"617f8ec\" data-element_type=\"column\">\n\t\t\t<div class=\"elementor-widget-wrap\">\n\t\t\t\t\t\t\t\t\t<\/div>\n\t\t<\/div>\n\t\t\t\t\t\t\t<\/div>\n\t\t<\/section>\n\t\t\t\t<section class=\"elementor-section elementor-inner-section elementor-element elementor-element-b7a62a6 elementor-section-full_width elementor-section-content-middle elementor-section-height-default elementor-section-height-default\" data-id=\"b7a62a6\" data-element_type=\"section\" data-settings=\"{&quot;background_background&quot;:&quot;classic&quot;}\">\n\t\t\t\t\t\t<div class=\"elementor-container elementor-column-gap-default\">\n\t\t\t\t\t<div class=\"elementor-column elementor-col-33 elementor-inner-column elementor-element elementor-element-af32b19\" data-id=\"af32b19\" data-element_type=\"column\">\n\t\t\t<div class=\"elementor-widget-wrap elementor-element-populated\">\n\t\t\t\t\t\t\t\t<div class=\"elementor-element elementor-element-d221667 premium-header-inline elementor-widget elementor-widget-premium-addon-dual-header\" data-id=\"d221667\" data-element_type=\"widget\" data-widget_type=\"premium-addon-dual-header.default\">\n\t\t\t\t<div class=\"elementor-widget-container\">\n\t\t\t\n\t\t\t\t\t<h2 class=\"premium-dual-header-first-header\"><span class=\"premium-dual-header-first-span\">ALTERNATIVE LINKS <\/span><\/h2> \t\t\n\t\t\t\t<\/div>\n\t\t\t\t<\/div>\n\t\t\t\t\t<\/div>\n\t\t<\/div>\n\t\t\t\t<div class=\"elementor-column elementor-col-66 elementor-inner-column elementor-element elementor-element-8128015\" data-id=\"8128015\" data-element_type=\"column\">\n\t\t\t<div class=\"elementor-widget-wrap elementor-element-populated\">\n\t\t\t\t\t\t\t\t<div class=\"elementor-element elementor-element-21c2393 elementor-widget elementor-widget-text-editor\" data-id=\"21c2393\" data-element_type=\"widget\" data-widget_type=\"text-editor.default\">\n\t\t\t\t<div class=\"elementor-widget-container\">\n\t\t\t\t\t\t\t<p style=\"padding-left: 0px; vertical-align: middle; display: inline-block;\"><img decoding=\"async\" loading=\"lazy\" class=\"alignnone wp-image-937\" src=\"https:\/\/firecast.app\/wp-content\/uploads\/2021\/03\/windows_icon_white_32x32.png\" alt=\"\" width=\"22\" height=\"22\" srcset=\"https:\/\/firecast.app\/wp-content\/uploads\/2021\/03\/windows_icon_white_32x32.png 32w, https:\/\/firecast.app\/wp-content\/uploads\/2021\/03\/windows_icon_white_32x32-12x12.png 12w\" sizes=\"(max-width: 22px) 100vw, 22px\" \/>\u00a0 <a href=\"https:\/\/firecast.app\/downloads\/firecast8_13_win64.exe\">Firecast Installer for Windows 64-bit<\/a><\/p>\t\t\t\t\t\t<\/div>\n\t\t\t\t<\/div>\n\t\t\t\t<div class=\"elementor-element elementor-element-e691837 elementor-widget elementor-widget-text-editor\" data-id=\"e691837\" data-element_type=\"widget\" data-widget_type=\"text-editor.default\">\n\t\t\t\t<div class=\"elementor-widget-container\">\n\t\t\t\t\t\t\t<p style=\"padding-left: 0px; vertical-align: middle; display: inline-block;\"><img decoding=\"async\" loading=\"lazy\" class=\"alignnone wp-image-937\" src=\"https:\/\/firecast.app\/wp-content\/uploads\/2021\/03\/windows_icon_white_32x32.png\" alt=\"\" width=\"22\" height=\"22\" srcset=\"https:\/\/firecast.app\/wp-content\/uploads\/2021\/03\/windows_icon_white_32x32.png 32w, https:\/\/firecast.app\/wp-content\/uploads\/2021\/03\/windows_icon_white_32x32-12x12.png 12w\" sizes=\"(max-width: 22px) 100vw, 22px\" \/>\u00a0 <a href=\"https:\/\/firecast.app\/downloads\/firecast8_13_win32.exe\">Firecast Installer for Windows 32-bit (not recommended)<\/a><\/p>\t\t\t\t\t\t<\/div>\n\t\t\t\t<\/div>\n\t\t\t\t\t<\/div>\n\t\t<\/div>\n\t\t\t\t\t\t\t<\/div>\n\t\t<\/section>\n\t\t\t\t<section class=\"elementor-section elementor-inner-section elementor-element elementor-element-bed3d32 elementor-section-full_width elementor-section-content-middle elementor-section-height-default elementor-section-height-default\" data-id=\"bed3d32\" data-element_type=\"section\" data-settings=\"{&quot;background_background&quot;:&quot;classic&quot;}\">\n\t\t\t\t\t\t<div class=\"elementor-container elementor-column-gap-default\">\n\t\t\t\t\t<div class=\"elementor-column elementor-col-33 elementor-inner-column elementor-element elementor-element-af401f0\" data-id=\"af401f0\" data-element_type=\"column\">\n\t\t\t<div class=\"elementor-widget-wrap elementor-element-populated\">\n\t\t\t\t\t\t\t\t<div class=\"elementor-element elementor-element-c6ce37a premium-header-inline elementor-widget elementor-widget-premium-addon-dual-header\" data-id=\"c6ce37a\" data-element_type=\"widget\" data-widget_type=\"premium-addon-dual-header.default\">\n\t\t\t\t<div class=\"elementor-widget-container\">\n\t\t\t\n\t\t\t\t\t<h2 class=\"premium-dual-header-first-header\"><span class=\"premium-dual-header-first-span\">PLUGINS <\/span><\/h2> \t\t\n\t\t\t\t<\/div>\n\t\t\t\t<\/div>\n\t\t\t\t\t<\/div>\n\t\t<\/div>\n\t\t\t\t<div class=\"elementor-column elementor-col-66 elementor-inner-column elementor-element elementor-element-ea6c3f0\" data-id=\"ea6c3f0\" data-element_type=\"column\">\n\t\t\t<div class=\"elementor-widget-wrap elementor-element-populated\">\n\t\t\t\t\t\t\t\t<div class=\"elementor-element elementor-element-fcfef9a elementor-widget elementor-widget-text-editor\" data-id=\"fcfef9a\" data-element_type=\"widget\" data-widget_type=\"text-editor.default\">\n\t\t\t\t<div class=\"elementor-widget-container\">\n\t\t\t\t\t\t\t<p>Plugins make all the difference in Firecast. Here we have some links to get you started!<\/p><p style=\"padding-left: 40px;\">\u27a4 <a href=\"https:\/\/github.com\/rrpgfirecast\/firecast\/tree\/master\/Plugins\/Sheets\">Open source repository for <span style=\"text-decoration: underline;\">sheet templates<\/span><\/a> (More than 50 plugins)<\/p><p style=\"padding-left: 40px;\">\u27a4 <a href=\"https:\/\/github.com\/rrpgfirecast\/firecast\/tree\/master\/Plugins\/ChatMods\">Open source repository for <span style=\"text-decoration: underline;\">chat mods<\/span><\/a><\/p><p style=\"padding-left: 40px;\">Look for the \"rpk\" files that are in the \"output\" subfolders<strong>. <\/strong>Each \u201crpk\u201d file contains a single plug-in.<\/p>\t\t\t\t\t\t<\/div>\n\t\t\t\t<\/div>\n\t\t\t\t\t<\/div>\n\t\t<\/div>\n\t\t\t\t\t\t\t<\/div>\n\t\t<\/section>\n\t\t\t\t\t<\/div>\n\t\t<\/div>\n\t\t\t\t\t\t\t<\/div>\n\t\t<\/section>\n\t\t\t\t<section class=\"elementor-section elementor-top-section elementor-element elementor-element-29b321c elementor-section-height-min-height elementor-section-items-top elementor-section-boxed elementor-section-height-default\" data-id=\"29b321c\" data-element_type=\"section\" data-settings=\"{&quot;background_background&quot;:&quot;classic&quot;}\">\n\t\t\t\t\t\t<div class=\"elementor-container elementor-column-gap-default\">\n\t\t\t\t\t<div class=\"elementor-column elementor-col-100 elementor-top-column elementor-element elementor-element-bac62b4\" data-id=\"bac62b4\" data-element_type=\"column\">\n\t\t\t<div class=\"elementor-widget-wrap\">\n\t\t\t\t\t\t\t\t\t<\/div>\n\t\t<\/div>\n\t\t\t\t\t\t\t<\/div>\n\t\t<\/section>\n\t\t\t\t\t\t\t<\/div>","protected":false},"excerpt":{"rendered":"<p>FIRECAST DOWNLOAD Pronto em 3 passos: Baixe, Instale e Jogue LINKS DE DOWNLOAD APLICATIVO PRINCIPAL Pela Windows Store Para Android Para MacOS LINKS ALTERNATIVOS \u00a0 Instalador do Firecast para Windows 64 bits \u00a0 Instalador do Firecast para Windows 32 bits (n\u00e3o recomendado) PLUGINS Plugins fazem toda a diferen\u00e7a no Firecast. Aqui temos links para voc\u00ea [&hellip;]<\/p>","protected":false},"author":1,"featured_media":331,"parent":0,"menu_order":0,"comment_status":"closed","ping_status":"closed","template":"elementor_header_footer","meta":{"_mi_skip_tracking":false,"_monsterinsights_sitenote_active":false,"_monsterinsights_sitenote_note":"","_monsterinsights_sitenote_category":0},"yoast_head":"<!-- This site is optimized with the Yoast SEO plugin v20.9 - https:\/\/yoast.com\/wordpress\/plugins\/seo\/ -->\r\n<title>Downloads - Firecast<\/title>\r\n<meta name=\"description\" content=\"Download Firecast 8 to play online tabletop RPG. Choose the installer for your platform (Windows or MacOS), download, install and play\" \/>\r\n<meta name=\"robots\" content=\"index, follow, max-snippet:-1, max-image-preview:large, max-video-preview:-1\" \/>\r\n<link rel=\"canonical\" href=\"https:\/\/firecast.app\/en_us\/download\/\" \/>\r\n<meta property=\"og:locale\" content=\"en_US\" \/>\r\n<meta property=\"og:type\" content=\"article\" \/>\r\n<meta property=\"og:title\" content=\"Downloads - Firecast\" \/>\r\n<meta property=\"og:description\" content=\"Download Firecast 8 to play online tabletop RPG. Choose the installer for your platform (Windows or MacOS), download, install and play\" \/>\r\n<meta property=\"og:url\" content=\"https:\/\/firecast.app\/en_us\/download\/\" \/>\r\n<meta property=\"og:site_name\" content=\"Firecast\" \/>\r\n<meta property=\"article:modified_time\" content=\"2024-07-13T13:43:33+00:00\" \/>\r\n<meta property=\"og:image\" content=\"https:\/\/firecast.app\/wp-content\/uploads\/2021\/03\/imagem_2021-03-19_160258.png\" \/>\r\n\t<meta property=\"og:image:width\" content=\"1679\" \/>\r\n\t<meta property=\"og:image:height\" content=\"1020\" \/>\r\n\t<meta property=\"og:image:type\" content=\"image\/png\" \/>\r\n<meta name=\"twitter:card\" content=\"summary_large_image\" \/>\r\n<meta name=\"twitter:label1\" content=\"Est. reading time\" \/>\n\t<meta name=\"twitter:data1\" content=\"2 minutes\" \/>\r\n<script type=\"application\/ld+json\" class=\"yoast-schema-graph\">{\"@context\":\"https:\/\/schema.org\",\"@graph\":[{\"@type\":\"WebPage\",\"@id\":\"https:\/\/firecast.app\/download\/\",\"url\":\"https:\/\/firecast.app\/download\/\",\"name\":\"Downloads - Firecast\",\"isPartOf\":{\"@id\":\"https:\/\/firecast.app\/en_us\/#website\"},\"datePublished\":\"2021-03-18T15:27:21+00:00\",\"dateModified\":\"2024-07-13T13:43:33+00:00\",\"description\":\"Download Firecast 8 to play online tabletop RPG. Choose the installer for your platform (Windows or MacOS), download, install and play\",\"breadcrumb\":{\"@id\":\"https:\/\/firecast.app\/download\/#breadcrumb\"},\"inLanguage\":\"en-US\",\"potentialAction\":[{\"@type\":\"ReadAction\",\"target\":[\"https:\/\/firecast.app\/download\/\"]}]},{\"@type\":\"BreadcrumbList\",\"@id\":\"https:\/\/firecast.app\/download\/#breadcrumb\",\"itemListElement\":[{\"@type\":\"ListItem\",\"position\":1,\"name\":\"In\u00edcio\",\"item\":\"https:\/\/firecast.app\/pt_br\/\"},{\"@type\":\"ListItem\",\"position\":2,\"name\":\"Downloads\"}]},{\"@type\":\"WebSite\",\"@id\":\"https:\/\/firecast.app\/en_us\/#website\",\"url\":\"https:\/\/firecast.app\/en_us\/\",\"name\":\"Firecast\",\"description\":\"Online Tabletop RPG\",\"publisher\":{\"@id\":\"https:\/\/firecast.app\/en_us\/#organization\"},\"potentialAction\":[{\"@type\":\"SearchAction\",\"target\":{\"@type\":\"EntryPoint\",\"urlTemplate\":\"https:\/\/firecast.app\/en_us\/?s={search_term_string}\"},\"query-input\":\"required name=search_term_string\"}],\"inLanguage\":\"en-US\"},{\"@type\":\"Organization\",\"@id\":\"https:\/\/firecast.app\/en_us\/#organization\",\"name\":\"Firecast\",\"url\":\"https:\/\/firecast.app\/en_us\/\",\"logo\":{\"@type\":\"ImageObject\",\"inLanguage\":\"en-US\",\"@id\":\"https:\/\/firecast.app\/en_us\/#\/schema\/logo\/image\/\",\"url\":\"https:\/\/firecast.app\/wp-content\/uploads\/2021\/03\/cropped-100x100-no-padding.png\",\"contentUrl\":\"https:\/\/firecast.app\/wp-content\/uploads\/2021\/03\/cropped-100x100-no-padding.png\",\"width\":110,\"height\":110,\"caption\":\"Firecast\"},\"image\":{\"@id\":\"https:\/\/firecast.app\/en_us\/#\/schema\/logo\/image\/\"}}]}<\/script>\r\n<!-- \/ Yoast SEO plugin. -->","yoast_head_json":{"title":"Downloads - Firecast","description":"Download Firecast 8 to play online tabletop RPG. Choose the installer for your platform (Windows or MacOS), download, install and play","robots":{"index":"index","follow":"follow","max-snippet":"max-snippet:-1","max-image-preview":"max-image-preview:large","max-video-preview":"max-video-preview:-1"},"canonical":"https:\/\/firecast.app\/en_us\/download\/","og_locale":"en_US","og_type":"article","og_title":"Downloads - Firecast","og_description":"Download Firecast 8 to play online tabletop RPG. Choose the installer for your platform (Windows or MacOS), download, install and play","og_url":"https:\/\/firecast.app\/en_us\/download\/","og_site_name":"Firecast","article_modified_time":"2024-07-13T13:43:33+00:00","og_image":[{"width":1679,"height":1020,"url":"https:\/\/firecast.app\/wp-content\/uploads\/2021\/03\/imagem_2021-03-19_160258.png","type":"image\/png"}],"twitter_card":"summary_large_image","twitter_misc":{"Est. reading time":"2 minutes"},"schema":{"@context":"https:\/\/schema.org","@graph":[{"@type":"WebPage","@id":"https:\/\/firecast.app\/download\/","url":"https:\/\/firecast.app\/download\/","name":"Downloads - Firecast","isPartOf":{"@id":"https:\/\/firecast.app\/en_us\/#website"},"datePublished":"2021-03-18T15:27:21+00:00","dateModified":"2024-07-13T13:43:33+00:00","description":"Download Firecast 8 to play online tabletop RPG. Choose the installer for your platform (Windows or MacOS), download, install and play","breadcrumb":{"@id":"https:\/\/firecast.app\/download\/#breadcrumb"},"inLanguage":"en-US","potentialAction":[{"@type":"ReadAction","target":["https:\/\/firecast.app\/download\/"]}]},{"@type":"BreadcrumbList","@id":"https:\/\/firecast.app\/download\/#breadcrumb","itemListElement":[{"@type":"ListItem","position":1,"name":"In\u00edcio","item":"https:\/\/firecast.app\/pt_br\/"},{"@type":"ListItem","position":2,"name":"Downloads"}]},{"@type":"WebSite","@id":"https:\/\/firecast.app\/en_us\/#website","url":"https:\/\/firecast.app\/en_us\/","name":"Firecast","description":"Online Tabletop RPG","publisher":{"@id":"https:\/\/firecast.app\/en_us\/#organization"},"potentialAction":[{"@type":"SearchAction","target":{"@type":"EntryPoint","urlTemplate":"https:\/\/firecast.app\/en_us\/?s={search_term_string}"},"query-input":"required name=search_term_string"}],"inLanguage":"en-US"},{"@type":"Organization","@id":"https:\/\/firecast.app\/en_us\/#organization","name":"Firecast","url":"https:\/\/firecast.app\/en_us\/","logo":{"@type":"ImageObject","inLanguage":"en-US","@id":"https:\/\/firecast.app\/en_us\/#\/schema\/logo\/image\/","url":"https:\/\/firecast.app\/wp-content\/uploads\/2021\/03\/cropped-100x100-no-padding.png","contentUrl":"https:\/\/firecast.app\/wp-content\/uploads\/2021\/03\/cropped-100x100-no-padding.png","width":110,"height":110,"caption":"Firecast"},"image":{"@id":"https:\/\/firecast.app\/en_us\/#\/schema\/logo\/image\/"}}]}},"_links":{"self":[{"href":"https:\/\/firecast.app\/en_us\/wp-json\/wp\/v2\/pages\/101"}],"collection":[{"href":"https:\/\/firecast.app\/en_us\/wp-json\/wp\/v2\/pages"}],"about":[{"href":"https:\/\/firecast.app\/en_us\/wp-json\/wp\/v2\/types\/page"}],"author":[{"embeddable":true,"href":"https:\/\/firecast.app\/en_us\/wp-json\/wp\/v2\/users\/1"}],"replies":[{"embeddable":true,"href":"https:\/\/firecast.app\/en_us\/wp-json\/wp\/v2\/comments?post=101"}],"version-history":[{"count":200,"href":"https:\/\/firecast.app\/en_us\/wp-json\/wp\/v2\/pages\/101\/revisions"}],"predecessor-version":[{"id":2181,"href":"https:\/\/firecast.app\/en_us\/wp-json\/wp\/v2\/pages\/101\/revisions\/2181"}],"wp:featuredmedia":[{"embeddable":true,"href":"https:\/\/firecast.app\/en_us\/wp-json\/wp\/v2\/media\/331"}],"wp:attachment":[{"href":"https:\/\/firecast.app\/en_us\/wp-json\/wp\/v2\/media?parent=101"}],"curies":[{"name":"wp","href":"https:\/\/api.w.org\/{rel}","templated":true}]}}