{"id":103,"date":"2021-03-18T12:27:40","date_gmt":"2021-03-18T15:27:40","guid":{"rendered":"https:\/\/firecast.app\/?page_id=103"},"modified":"2024-05-16T10:33:17","modified_gmt":"2024-05-16T13:33:17","slug":"para-programadores","status":"publish","type":"page","link":"https:\/\/firecast.app\/en_us\/para-programadores\/","title":{"rendered":"For Programmers"},"content":{"rendered":"<div data-elementor-type=\"wp-page\" data-elementor-id=\"103\" class=\"elementor elementor-103\">\n\t\t\t\t\t\t\t\t\t<section class=\"elementor-section elementor-top-section elementor-element elementor-element-79b32e1 elementor-section-content-middle elementor-section-full_width elementor-section-height-min-height elementor-section-height-default elementor-section-items-middle\" data-id=\"79b32e1\" data-element_type=\"section\" id=\"banner\" data-settings=\"{&quot;background_background&quot;:&quot;classic&quot;}\">\n\t\t\t\t\t\t<div class=\"elementor-container elementor-column-gap-no\">\n\t\t\t\t\t<div class=\"elementor-column elementor-col-100 elementor-top-column elementor-element elementor-element-e58b5ed\" data-id=\"e58b5ed\" data-element_type=\"column\" data-settings=\"{&quot;background_background&quot;:&quot;classic&quot;}\">\n\t\t\t<div class=\"elementor-widget-wrap elementor-element-populated\">\n\t\t\t\t\t\t\t\t<section class=\"elementor-section elementor-inner-section elementor-element elementor-element-ef950ce elementor-section-full_width elementor-section-content-middle elementor-section-height-default elementor-section-height-default\" data-id=\"ef950ce\" data-element_type=\"section\">\n\t\t\t\t\t\t<div class=\"elementor-container elementor-column-gap-no\">\n\t\t\t\t\t<div class=\"elementor-column elementor-col-100 elementor-inner-column elementor-element elementor-element-6052dcd\" data-id=\"6052dcd\" data-element_type=\"column\">\n\t\t\t<div class=\"elementor-widget-wrap elementor-element-populated\">\n\t\t\t\t\t\t\t\t<div class=\"elementor-element elementor-element-4f5a078 premium-header-block elementor-widget elementor-widget-premium-addon-dual-header\" data-id=\"4f5a078\" data-element_type=\"widget\" data-widget_type=\"premium-addon-dual-header.default\">\n\t\t\t\t<div class=\"elementor-widget-container\">\n\t\t\t\n\t\t\t\t\t<h2 class=\"premium-dual-header-first-header\"><span class=\"premium-dual-header-first-span\">Firecast SDK <\/span><span class=\"premium-dual-header-second-header\">Plugin programming<\/span><\/h2> \t\t\n\t\t\t\t<\/div>\n\t\t\t\t<\/div>\n\t\t\t\t<div class=\"elementor-element elementor-element-b84b672 elementor-widget elementor-widget-text-editor\" data-id=\"b84b672\" data-element_type=\"widget\" data-widget_type=\"text-editor.default\">\n\t\t\t\t<div class=\"elementor-widget-container\">\n\t\t\t\t\t\t\t<p>SDK 3 is a tool kit that allows you to create plug-ins for Firecast<\/p>\t\t\t\t\t\t<\/div>\n\t\t\t\t<\/div>\n\t\t\t\t\t<\/div>\n\t\t<\/div>\n\t\t\t\t\t\t\t<\/div>\n\t\t<\/section>\n\t\t\t\t\t<\/div>\n\t\t<\/div>\n\t\t\t\t\t\t\t<\/div>\n\t\t<\/section>\n\t\t\t\t<section class=\"elementor-section elementor-top-section elementor-element elementor-element-f346663 elementor-section-boxed elementor-section-height-default elementor-section-height-default\" data-id=\"f346663\" data-element_type=\"section\" data-settings=\"{&quot;background_background&quot;:&quot;classic&quot;}\">\n\t\t\t\t\t\t<div class=\"elementor-container elementor-column-gap-default\">\n\t\t\t\t\t<div class=\"elementor-column elementor-col-100 elementor-top-column elementor-element elementor-element-006e729\" data-id=\"006e729\" data-element_type=\"column\">\n\t\t\t<div class=\"elementor-widget-wrap elementor-element-populated\">\n\t\t\t\t\t\t\t\t<div class=\"elementor-element elementor-element-4eb2c4a premium-header-inline elementor-widget elementor-widget-premium-addon-dual-header\" data-id=\"4eb2c4a\" data-element_type=\"widget\" data-widget_type=\"premium-addon-dual-header.default\">\n\t\t\t\t<div class=\"elementor-widget-container\">\n\t\t\t\n\t\t\t\t\t<h2 class=\"premium-dual-header-first-header\"><span class=\"premium-dual-header-first-span\">Programming <\/span><span class=\"premium-dual-header-second-header\">PLUGINS<\/span><\/h2> \t\t\n\t\t\t\t<\/div>\n\t\t\t\t<\/div>\n\t\t\t\t<section class=\"elementor-section elementor-inner-section elementor-element elementor-element-b5b9ca1 elementor-section-full_width elementor-section-content-middle elementor-section-height-default elementor-section-height-default\" data-id=\"b5b9ca1\" data-element_type=\"section\" data-settings=\"{&quot;background_background&quot;:&quot;classic&quot;}\">\n\t\t\t\t\t\t<div class=\"elementor-container elementor-column-gap-default\">\n\t\t\t\t\t<div class=\"elementor-column elementor-col-33 elementor-inner-column elementor-element elementor-element-44d56f3\" data-id=\"44d56f3\" data-element_type=\"column\">\n\t\t\t<div class=\"elementor-widget-wrap elementor-element-populated\">\n\t\t\t\t\t\t\t\t<div class=\"elementor-element elementor-element-0c20c5f premium-header-inline elementor-widget elementor-widget-premium-addon-dual-header\" data-id=\"0c20c5f\" data-element_type=\"widget\" data-widget_type=\"premium-addon-dual-header.default\">\n\t\t\t\t<div class=\"elementor-widget-container\">\n\t\t\t\n\t\t\t\t\t<h2 class=\"premium-dual-header-first-header\"><span class=\"premium-dual-header-first-span\">FIRECAST <\/span><span class=\"premium-dual-header-second-header\">SDK 3.7<\/span><\/h2> \t\t\n\t\t\t\t<\/div>\n\t\t\t\t<\/div>\n\t\t\t\t\t<\/div>\n\t\t<\/div>\n\t\t\t\t<div class=\"elementor-column elementor-col-66 elementor-inner-column elementor-element elementor-element-109d851\" data-id=\"109d851\" data-element_type=\"column\">\n\t\t\t<div class=\"elementor-widget-wrap elementor-element-populated\">\n\t\t\t\t\t\t\t\t<div class=\"elementor-element elementor-element-e0289b3 elementor-widget elementor-widget-text-editor\" data-id=\"e0289b3\" data-element_type=\"widget\" data-widget_type=\"text-editor.default\">\n\t\t\t\t<div class=\"elementor-widget-container\">\n\t\t\t\t\t\t\t<p>Toolkit for programming LUA plug-ins for Firecast<\/p><p style=\"padding-left: 40px;\">\u27a4 <a href=\"https:\/\/firecast.app\/downloads\/RDK3.7.b.exe\">SDK Installer for Windows<\/a><\/p>\t\t\t\t\t\t<\/div>\n\t\t\t\t<\/div>\n\t\t\t\t\t<\/div>\n\t\t<\/div>\n\t\t\t\t\t\t\t<\/div>\n\t\t<\/section>\n\t\t\t\t<section class=\"elementor-section elementor-inner-section elementor-element elementor-element-d104471 elementor-section-full_width elementor-section-content-middle elementor-section-height-default elementor-section-height-default\" data-id=\"d104471\" data-element_type=\"section\" data-settings=\"{&quot;background_background&quot;:&quot;classic&quot;}\">\n\t\t\t\t\t\t<div class=\"elementor-container elementor-column-gap-default\">\n\t\t\t\t\t<div class=\"elementor-column elementor-col-33 elementor-inner-column elementor-element elementor-element-a3a1453\" data-id=\"a3a1453\" data-element_type=\"column\">\n\t\t\t<div class=\"elementor-widget-wrap elementor-element-populated\">\n\t\t\t\t\t\t\t\t<div class=\"elementor-element elementor-element-e50c6b2 premium-header-inline elementor-widget elementor-widget-premium-addon-dual-header\" data-id=\"e50c6b2\" data-element_type=\"widget\" data-widget_type=\"premium-addon-dual-header.default\">\n\t\t\t\t<div class=\"elementor-widget-container\">\n\t\t\t\n\t\t\t\t\t<h2 class=\"premium-dual-header-first-header\"><span class=\"premium-dual-header-first-span\">DOCUMENTATION <\/span><\/h2> \t\t\n\t\t\t\t<\/div>\n\t\t\t\t<\/div>\n\t\t\t\t\t<\/div>\n\t\t<\/div>\n\t\t\t\t<div class=\"elementor-column elementor-col-66 elementor-inner-column elementor-element elementor-element-17e12e1\" data-id=\"17e12e1\" data-element_type=\"column\">\n\t\t\t<div class=\"elementor-widget-wrap elementor-element-populated\">\n\t\t\t\t\t\t\t\t<div class=\"elementor-element elementor-element-cbe8764 elementor-widget elementor-widget-text-editor\" data-id=\"cbe8764\" data-element_type=\"widget\" data-widget_type=\"text-editor.default\">\n\t\t\t\t<div class=\"elementor-widget-container\">\n\t\t\t\t\t\t\t<p>Learn about Firecast SDK3 and how to create plug-ins for Firecast<\/p>\n<p style=\"padding-left: 40px;\">\u27a4 <a href=\"https:\/\/firecast.app\/sdk3\/RRPG%20SDK%203.html\">Introduction<\/a><\/p>\n<p style=\"padding-left: 40px;\">\u27a4 <a href=\"https:\/\/firecast.app\/sdk3\/RRPG%20SDK%203.html?CriarummodelodefichaapartirdeumP.html\">How to create a sheet template from an editable PDF<\/a><\/p>\t\t\t\t\t\t<\/div>\n\t\t\t\t<\/div>\n\t\t\t\t\t<\/div>\n\t\t<\/div>\n\t\t\t\t\t\t\t<\/div>\n\t\t<\/section>\n\t\t\t\t<section class=\"elementor-section elementor-inner-section elementor-element elementor-element-bc56cc9 elementor-section-full_width elementor-section-content-middle elementor-section-height-default elementor-section-height-default\" data-id=\"bc56cc9\" data-element_type=\"section\" data-settings=\"{&quot;background_background&quot;:&quot;classic&quot;}\">\n\t\t\t\t\t\t<div class=\"elementor-container elementor-column-gap-default\">\n\t\t\t\t\t<div class=\"elementor-column elementor-col-50 elementor-inner-column elementor-element elementor-element-e450782\" data-id=\"e450782\" data-element_type=\"column\">\n\t\t\t<div class=\"elementor-widget-wrap elementor-element-populated\">\n\t\t\t\t\t\t\t\t<div class=\"elementor-element elementor-element-dd4def0 premium-header-inline elementor-widget elementor-widget-premium-addon-dual-header\" data-id=\"dd4def0\" data-element_type=\"widget\" data-widget_type=\"premium-addon-dual-header.default\">\n\t\t\t\t<div class=\"elementor-widget-container\">\n\t\t\t\n\t\t\t\t\t<h2 class=\"premium-dual-header-first-header\"><span class=\"premium-dual-header-first-span\">COMMUNITY <\/span><\/h2> \t\t\n\t\t\t\t<\/div>\n\t\t\t\t<\/div>\n\t\t\t\t\t<\/div>\n\t\t<\/div>\n\t\t\t\t<div class=\"elementor-column elementor-col-50 elementor-inner-column elementor-element elementor-element-66c1b0b\" data-id=\"66c1b0b\" data-element_type=\"column\">\n\t\t\t<div class=\"elementor-widget-wrap elementor-element-populated\">\n\t\t\t\t\t\t\t\t<div class=\"elementor-element elementor-element-80bae27 elementor-widget elementor-widget-text-editor\" data-id=\"80bae27\" data-element_type=\"widget\" data-widget_type=\"text-editor.default\">\n\t\t\t\t<div class=\"elementor-widget-container\">\n\t\t\t\t\t\t\t<p>Join the programmers community of Firecast plug-ins<\/p>\n<p style=\"padding-left: 40px;\">\u27a4 <a href=\"https:\/\/github.com\/rrpgfirecast\/firecast\/\">Plug-ins GitHub Repository<\/a><\/p>\n<p style=\"padding-left: 40px;\">\u27a4 <a href=\"https:\/\/www.facebook.com\/groups\/460782814000421\/\">SDK 3 Facebook Group (Portuguese)<\/a><\/p>\t\t\t\t\t\t<\/div>\n\t\t\t\t<\/div>\n\t\t\t\t\t<\/div>\n\t\t<\/div>\n\t\t\t\t\t\t\t<\/div>\n\t\t<\/section>\n\t\t\t\t\t<\/div>\n\t\t<\/div>\n\t\t\t\t\t\t\t<\/div>\n\t\t<\/section>\n\t\t\t\t<section class=\"elementor-section elementor-top-section elementor-element elementor-element-bb24156 elementor-section-height-min-height elementor-section-items-top elementor-section-boxed elementor-section-height-default\" data-id=\"bb24156\" data-element_type=\"section\" data-settings=\"{&quot;background_background&quot;:&quot;classic&quot;}\">\n\t\t\t\t\t\t<div class=\"elementor-container elementor-column-gap-default\">\n\t\t\t\t\t<div class=\"elementor-column elementor-col-100 elementor-top-column elementor-element elementor-element-6865608\" data-id=\"6865608\" data-element_type=\"column\">\n\t\t\t<div class=\"elementor-widget-wrap\">\n\t\t\t\t\t\t\t\t\t<\/div>\n\t\t<\/div>\n\t\t\t\t\t\t\t<\/div>\n\t\t<\/section>\n\t\t\t\t\t\t\t<\/div>","protected":false},"excerpt":{"rendered":"<p>Firecast SDK Programe Plug-ins Firecast SDK 3 \u00e9 um kit de ferramentas que permite a cria\u00e7\u00e3o de plug-ins para Firecast Programa\u00e7\u00e3o DE PLUGINS FIRECAST SDK 3.7 Kit de ferramentas para programar plug-ins em LUA para o Firecast \u27a4 Instalador para Windows DOCUMENTA\u00c7\u00c3O Aprenda sobre o SDK3 e como criar plug-ins para o Firecast \u27a4 Introdu\u00e7\u00e3o [&hellip;]<\/p>","protected":false},"author":1,"featured_media":0,"parent":0,"menu_order":0,"comment_status":"closed","ping_status":"closed","template":"elementor_header_footer","meta":{"_mi_skip_tracking":false,"_monsterinsights_sitenote_active":false,"_monsterinsights_sitenote_note":"","_monsterinsights_sitenote_category":0},"yoast_head":"<!-- This site is optimized with the Yoast SEO plugin v20.9 - https:\/\/yoast.com\/wordpress\/plugins\/seo\/ -->\r\n<title>For Programmers - Firecast<\/title>\r\n<meta name=\"robots\" content=\"index, follow, max-snippet:-1, max-image-preview:large, max-video-preview:-1\" \/>\r\n<link rel=\"canonical\" href=\"https:\/\/firecast.app\/en_us\/para-programadores\/\" \/>\r\n<meta property=\"og:locale\" content=\"en_US\" \/>\r\n<meta property=\"og:type\" content=\"article\" \/>\r\n<meta property=\"og:title\" content=\"For Programmers - Firecast\" \/>\r\n<meta property=\"og:description\" content=\"Firecast SDK Programe Plug-ins Firecast SDK 3 \u00e9 um kit de ferramentas que permite a cria\u00e7\u00e3o de plug-ins para Firecast Programa\u00e7\u00e3o DE PLUGINS FIRECAST SDK 3.7 Kit de ferramentas para programar plug-ins em LUA para o Firecast \u27a4 Instalador para Windows DOCUMENTA\u00c7\u00c3O Aprenda sobre o SDK3 e como criar plug-ins para o Firecast \u27a4 Introdu\u00e7\u00e3o [&hellip;]\" \/>\r\n<meta property=\"og:url\" content=\"https:\/\/firecast.app\/en_us\/para-programadores\/\" \/>\r\n<meta property=\"og:site_name\" content=\"Firecast\" \/>\r\n<meta property=\"article:modified_time\" content=\"2024-05-16T13:33:17+00:00\" \/>\r\n<meta name=\"twitter:card\" content=\"summary_large_image\" \/>\r\n<meta name=\"twitter:label1\" content=\"Est. reading time\" \/>\n\t<meta name=\"twitter:data1\" content=\"1 minute\" \/>\r\n<script type=\"application\/ld+json\" class=\"yoast-schema-graph\">{\"@context\":\"https:\/\/schema.org\",\"@graph\":[{\"@type\":\"WebPage\",\"@id\":\"https:\/\/firecast.app\/para-programadores\/\",\"url\":\"https:\/\/firecast.app\/para-programadores\/\",\"name\":\"For Programmers - Firecast\",\"isPartOf\":{\"@id\":\"https:\/\/firecast.app\/en_us\/#website\"},\"datePublished\":\"2021-03-18T15:27:40+00:00\",\"dateModified\":\"2024-05-16T13:33:17+00:00\",\"breadcrumb\":{\"@id\":\"https:\/\/firecast.app\/para-programadores\/#breadcrumb\"},\"inLanguage\":\"en-US\",\"potentialAction\":[{\"@type\":\"ReadAction\",\"target\":[\"https:\/\/firecast.app\/para-programadores\/\"]}]},{\"@type\":\"BreadcrumbList\",\"@id\":\"https:\/\/firecast.app\/para-programadores\/#breadcrumb\",\"itemListElement\":[{\"@type\":\"ListItem\",\"position\":1,\"name\":\"In\u00edcio\",\"item\":\"https:\/\/firecast.app\/pt_br\/\"},{\"@type\":\"ListItem\",\"position\":2,\"name\":\"For Programmers\"}]},{\"@type\":\"WebSite\",\"@id\":\"https:\/\/firecast.app\/en_us\/#website\",\"url\":\"https:\/\/firecast.app\/en_us\/\",\"name\":\"Firecast\",\"description\":\"Online Tabletop RPG\",\"publisher\":{\"@id\":\"https:\/\/firecast.app\/en_us\/#organization\"},\"potentialAction\":[{\"@type\":\"SearchAction\",\"target\":{\"@type\":\"EntryPoint\",\"urlTemplate\":\"https:\/\/firecast.app\/en_us\/?s={search_term_string}\"},\"query-input\":\"required name=search_term_string\"}],\"inLanguage\":\"en-US\"},{\"@type\":\"Organization\",\"@id\":\"https:\/\/firecast.app\/en_us\/#organization\",\"name\":\"Firecast\",\"url\":\"https:\/\/firecast.app\/en_us\/\",\"logo\":{\"@type\":\"ImageObject\",\"inLanguage\":\"en-US\",\"@id\":\"https:\/\/firecast.app\/en_us\/#\/schema\/logo\/image\/\",\"url\":\"https:\/\/firecast.app\/wp-content\/uploads\/2021\/03\/cropped-100x100-no-padding.png\",\"contentUrl\":\"https:\/\/firecast.app\/wp-content\/uploads\/2021\/03\/cropped-100x100-no-padding.png\",\"width\":110,\"height\":110,\"caption\":\"Firecast\"},\"image\":{\"@id\":\"https:\/\/firecast.app\/en_us\/#\/schema\/logo\/image\/\"}}]}<\/script>\r\n<!-- \/ Yoast SEO plugin. -->","yoast_head_json":{"title":"For Programmers - Firecast","robots":{"index":"index","follow":"follow","max-snippet":"max-snippet:-1","max-image-preview":"max-image-preview:large","max-video-preview":"max-video-preview:-1"},"canonical":"https:\/\/firecast.app\/en_us\/para-programadores\/","og_locale":"en_US","og_type":"article","og_title":"For Programmers - Firecast","og_description":"Firecast SDK Programe Plug-ins Firecast SDK 3 \u00e9 um kit de ferramentas que permite a cria\u00e7\u00e3o de plug-ins para Firecast Programa\u00e7\u00e3o DE PLUGINS FIRECAST SDK 3.7 Kit de ferramentas para programar plug-ins em LUA para o Firecast \u27a4 Instalador para Windows DOCUMENTA\u00c7\u00c3O Aprenda sobre o SDK3 e como criar plug-ins para o Firecast \u27a4 Introdu\u00e7\u00e3o [&hellip;]","og_url":"https:\/\/firecast.app\/en_us\/para-programadores\/","og_site_name":"Firecast","article_modified_time":"2024-05-16T13:33:17+00:00","twitter_card":"summary_large_image","twitter_misc":{"Est. reading time":"1 minute"},"schema":{"@context":"https:\/\/schema.org","@graph":[{"@type":"WebPage","@id":"https:\/\/firecast.app\/para-programadores\/","url":"https:\/\/firecast.app\/para-programadores\/","name":"For Programmers - Firecast","isPartOf":{"@id":"https:\/\/firecast.app\/en_us\/#website"},"datePublished":"2021-03-18T15:27:40+00:00","dateModified":"2024-05-16T13:33:17+00:00","breadcrumb":{"@id":"https:\/\/firecast.app\/para-programadores\/#breadcrumb"},"inLanguage":"en-US","potentialAction":[{"@type":"ReadAction","target":["https:\/\/firecast.app\/para-programadores\/"]}]},{"@type":"BreadcrumbList","@id":"https:\/\/firecast.app\/para-programadores\/#breadcrumb","itemListElement":[{"@type":"ListItem","position":1,"name":"In\u00edcio","item":"https:\/\/firecast.app\/pt_br\/"},{"@type":"ListItem","position":2,"name":"For Programmers"}]},{"@type":"WebSite","@id":"https:\/\/firecast.app\/en_us\/#website","url":"https:\/\/firecast.app\/en_us\/","name":"Firecast","description":"Online Tabletop RPG","publisher":{"@id":"https:\/\/firecast.app\/en_us\/#organization"},"potentialAction":[{"@type":"SearchAction","target":{"@type":"EntryPoint","urlTemplate":"https:\/\/firecast.app\/en_us\/?s={search_term_string}"},"query-input":"required name=search_term_string"}],"inLanguage":"en-US"},{"@type":"Organization","@id":"https:\/\/firecast.app\/en_us\/#organization","name":"Firecast","url":"https:\/\/firecast.app\/en_us\/","logo":{"@type":"ImageObject","inLanguage":"en-US","@id":"https:\/\/firecast.app\/en_us\/#\/schema\/logo\/image\/","url":"https:\/\/firecast.app\/wp-content\/uploads\/2021\/03\/cropped-100x100-no-padding.png","contentUrl":"https:\/\/firecast.app\/wp-content\/uploads\/2021\/03\/cropped-100x100-no-padding.png","width":110,"height":110,"caption":"Firecast"},"image":{"@id":"https:\/\/firecast.app\/en_us\/#\/schema\/logo\/image\/"}}]}},"_links":{"self":[{"href":"https:\/\/firecast.app\/en_us\/wp-json\/wp\/v2\/pages\/103"}],"collection":[{"href":"https:\/\/firecast.app\/en_us\/wp-json\/wp\/v2\/pages"}],"about":[{"href":"https:\/\/firecast.app\/en_us\/wp-json\/wp\/v2\/types\/page"}],"author":[{"embeddable":true,"href":"https:\/\/firecast.app\/en_us\/wp-json\/wp\/v2\/users\/1"}],"replies":[{"embeddable":true,"href":"https:\/\/firecast.app\/en_us\/wp-json\/wp\/v2\/comments?post=103"}],"version-history":[{"count":61,"href":"https:\/\/firecast.app\/en_us\/wp-json\/wp\/v2\/pages\/103\/revisions"}],"predecessor-version":[{"id":2173,"href":"https:\/\/firecast.app\/en_us\/wp-json\/wp\/v2\/pages\/103\/revisions\/2173"}],"wp:attachment":[{"href":"https:\/\/firecast.app\/en_us\/wp-json\/wp\/v2\/media?parent=103"}],"curies":[{"name":"wp","href":"https:\/\/api.w.org\/{rel}","templated":true}]}}