{"id":107,"date":"2021-03-18T12:28:22","date_gmt":"2021-03-18T15:28:22","guid":{"rendered":"https:\/\/firecast.app\/?page_id=107"},"modified":"2023-08-29T14:12:19","modified_gmt":"2023-08-29T17:12:19","slug":"contact","status":"publish","type":"page","link":"https:\/\/firecast.app\/en_us\/contact\/","title":{"rendered":"Contact"},"content":{"rendered":"<div data-elementor-type=\"wp-page\" data-elementor-id=\"107\" class=\"elementor elementor-107\">\n\t\t\t\t\t\t\t\t\t<section class=\"elementor-section elementor-top-section elementor-element elementor-element-13ec870 elementor-section-content-middle elementor-section-full_width elementor-section-height-min-height elementor-section-height-default elementor-section-items-middle\" data-id=\"13ec870\" data-element_type=\"section\" id=\"banner\" data-settings=\"{&quot;background_background&quot;:&quot;classic&quot;}\">\n\t\t\t\t\t\t<div class=\"elementor-container elementor-column-gap-no\">\n\t\t\t\t\t<div class=\"elementor-column elementor-col-100 elementor-top-column elementor-element elementor-element-06d5ff4\" data-id=\"06d5ff4\" data-element_type=\"column\" data-settings=\"{&quot;background_background&quot;:&quot;classic&quot;}\">\n\t\t\t<div class=\"elementor-widget-wrap elementor-element-populated\">\n\t\t\t\t\t\t\t\t<section class=\"elementor-section elementor-inner-section elementor-element elementor-element-9838091 elementor-section-full_width elementor-section-content-middle elementor-section-height-default elementor-section-height-default\" data-id=\"9838091\" data-element_type=\"section\">\n\t\t\t\t\t\t<div class=\"elementor-container elementor-column-gap-no\">\n\t\t\t\t\t<div class=\"elementor-column elementor-col-100 elementor-inner-column elementor-element elementor-element-c1432ab\" data-id=\"c1432ab\" data-element_type=\"column\">\n\t\t\t<div class=\"elementor-widget-wrap elementor-element-populated\">\n\t\t\t\t\t\t\t\t<div class=\"elementor-element elementor-element-4ff8882 premium-header-block elementor-widget elementor-widget-premium-addon-dual-header\" data-id=\"4ff8882\" data-element_type=\"widget\" data-widget_type=\"premium-addon-dual-header.default\">\n\t\t\t\t<div class=\"elementor-widget-container\">\n\t\t\t\n\t\t\t\t\t<h2 class=\"premium-dual-header-first-header\"><span class=\"premium-dual-header-first-span\">Contact <\/span><span class=\"premium-dual-header-second-header\">Firecast Team<\/span><\/h2> \t\t\n\t\t\t\t<\/div>\n\t\t\t\t<\/div>\n\t\t\t\t<div class=\"elementor-element elementor-element-37da977 elementor-widget elementor-widget-text-editor\" data-id=\"37da977\" data-element_type=\"widget\" data-widget_type=\"text-editor.default\">\n\t\t\t\t<div class=\"elementor-widget-container\">\n\t\t\t\t\t\t\t<p>We are within reach!<\/p>\t\t\t\t\t\t<\/div>\n\t\t\t\t<\/div>\n\t\t\t\t\t<\/div>\n\t\t<\/div>\n\t\t\t\t\t\t\t<\/div>\n\t\t<\/section>\n\t\t\t\t\t<\/div>\n\t\t<\/div>\n\t\t\t\t\t\t\t<\/div>\n\t\t<\/section>\n\t\t\t\t<section class=\"elementor-section elementor-top-section elementor-element elementor-element-40666cd3 elementor-section-boxed elementor-section-height-default elementor-section-height-default\" data-id=\"40666cd3\" data-element_type=\"section\" data-settings=\"{&quot;background_background&quot;:&quot;classic&quot;}\">\n\t\t\t\t\t\t<div class=\"elementor-container elementor-column-gap-default\">\n\t\t\t\t\t<div class=\"elementor-column elementor-col-100 elementor-top-column elementor-element elementor-element-1bb044cc\" data-id=\"1bb044cc\" data-element_type=\"column\">\n\t\t\t<div class=\"elementor-widget-wrap elementor-element-populated\">\n\t\t\t\t\t\t\t\t<div class=\"elementor-element elementor-element-3e60ae30 premium-header-inline elementor-widget elementor-widget-premium-addon-dual-header\" data-id=\"3e60ae30\" data-element_type=\"widget\" data-widget_type=\"premium-addon-dual-header.default\">\n\t\t\t\t<div class=\"elementor-widget-container\">\n\t\t\t\n\t\t\t\t\t<h2 class=\"premium-dual-header-first-header\"><span class=\"premium-dual-header-first-span\">Firecast <\/span><span class=\"premium-dual-header-second-header\">Contact<\/span><\/h2> \t\t\n\t\t\t\t<\/div>\n\t\t\t\t<\/div>\n\t\t\t\t<div class=\"elementor-element elementor-element-2c1a178 premium-header-inline elementor-widget elementor-widget-premium-addon-dual-header\" data-id=\"2c1a178\" data-element_type=\"widget\" data-no-translation=\"\" data-widget_type=\"premium-addon-dual-header.default\">\n\t\t\t\t<div class=\"elementor-widget-container\">\n\t\t\t<style>.elementor-element-2c1a178{display:none !important}<\/style>\t\t<\/div>\n\t\t\t\t<\/div>\n\t\t\t\t<div class=\"elementor-element elementor-element-db6ba73 elementor-widget elementor-widget-heading\" data-id=\"db6ba73\" data-element_type=\"widget\" data-widget_type=\"heading.default\">\n\t\t\t\t<div class=\"elementor-widget-container\">\n\t\t\t<h6 class=\"elementor-heading-title elementor-size-default\">Need help?<\/h6>\t\t<\/div>\n\t\t\t\t<\/div>\n\t\t\t\t<section class=\"elementor-section elementor-inner-section elementor-element elementor-element-6a300802 elementor-section-full_width elementor-section-content-middle elementor-section-height-default elementor-section-height-default\" data-id=\"6a300802\" data-element_type=\"section\" data-settings=\"{&quot;background_background&quot;:&quot;classic&quot;}\">\n\t\t\t\t\t\t<div class=\"elementor-container elementor-column-gap-default\">\n\t\t\t\t\t<div class=\"elementor-column elementor-col-50 elementor-inner-column elementor-element elementor-element-2678c344\" data-id=\"2678c344\" data-element_type=\"column\">\n\t\t\t<div class=\"elementor-widget-wrap elementor-element-populated\">\n\t\t\t\t\t\t\t\t<div class=\"elementor-element elementor-element-a40c11d premium-header-block elementor-widget elementor-widget-premium-addon-dual-header\" data-id=\"a40c11d\" data-element_type=\"widget\" data-widget_type=\"premium-addon-dual-header.default\">\n\t\t\t\t<div class=\"elementor-widget-container\">\n\t\t\t\n\t\t\t\t\t<h2 class=\"premium-dual-header-first-header\"><span class=\"premium-dual-header-first-span\">SUPPORT CHANNELS <\/span><\/h2> \t\t\n\t\t\t\t<\/div>\n\t\t\t\t<\/div>\n\t\t\t\t\t<\/div>\n\t\t<\/div>\n\t\t\t\t<div class=\"elementor-column elementor-col-50 elementor-inner-column elementor-element elementor-element-199db089\" data-id=\"199db089\" data-element_type=\"column\">\n\t\t\t<div class=\"elementor-widget-wrap elementor-element-populated\">\n\t\t\t\t\t\t\t\t<div class=\"elementor-element elementor-element-5194bc77 elementor-widget elementor-widget-text-editor\" data-id=\"5194bc77\" data-element_type=\"widget\" data-widget_type=\"text-editor.default\">\n\t\t\t\t<div class=\"elementor-widget-container\">\n\t\t\t\t\t\t\t<p>E-mail: contato@rrpg.com.br<br \/>Discord: <a href=\"https:\/\/discord.gg\/2A4Jq4k9Y6\">https:\/\/discord.gg\/2A4Jq4k9Y6<\/a><\/p>\t\t\t\t\t\t<\/div>\n\t\t\t\t<\/div>\n\t\t\t\t\t<\/div>\n\t\t<\/div>\n\t\t\t\t\t\t\t<\/div>\n\t\t<\/section>\n\t\t\t\t<div class=\"elementor-element elementor-element-c07f07a elementor-widget elementor-widget-heading\" data-id=\"c07f07a\" data-element_type=\"widget\" data-widget_type=\"heading.default\">\n\t\t\t\t<div class=\"elementor-widget-container\">\n\t\t\t<h6 class=\"elementor-heading-title elementor-size-default\">Who are the ones behind Firecast?<\/h6>\t\t<\/div>\n\t\t\t\t<\/div>\n\t\t\t\t<section class=\"elementor-section elementor-inner-section elementor-element elementor-element-2f46962 elementor-section-full_width elementor-section-content-middle elementor-section-height-default elementor-section-height-default\" data-id=\"2f46962\" data-element_type=\"section\" data-settings=\"{&quot;background_background&quot;:&quot;classic&quot;}\">\n\t\t\t\t\t\t<div class=\"elementor-container elementor-column-gap-default\">\n\t\t\t\t\t<div class=\"elementor-column elementor-col-25 elementor-inner-column elementor-element elementor-element-05bc97a\" data-id=\"05bc97a\" data-element_type=\"column\">\n\t\t\t<div class=\"elementor-widget-wrap elementor-element-populated\">\n\t\t\t\t\t\t\t\t<div class=\"elementor-element elementor-element-00375c5 premium-header-block elementor-widget elementor-widget-premium-addon-dual-header\" data-id=\"00375c5\" data-element_type=\"widget\" data-widget_type=\"premium-addon-dual-header.default\">\n\t\t\t\t<div class=\"elementor-widget-container\">\n\t\t\t\n\t\t\t\t\t<h2 class=\"premium-dual-header-first-header\"><span class=\"premium-dual-header-first-span\">Alysson Cunha <\/span><span class=\"premium-dual-header-second-header\"> Alyssonrpg<\/span><\/h2> \t\t\n\t\t\t\t<\/div>\n\t\t\t\t<\/div>\n\t\t\t\t<div class=\"elementor-element elementor-element-6605b0c elementor-widget elementor-widget-heading\" data-id=\"6605b0c\" data-element_type=\"widget\" data-widget_type=\"heading.default\">\n\t\t\t\t<div class=\"elementor-widget-container\">\n\t\t\t<h2 class=\"elementor-heading-title elementor-size-default\">Programmer and Founder<\/h2>\t\t<\/div>\n\t\t\t\t<\/div>\n\t\t\t\t\t<\/div>\n\t\t<\/div>\n\t\t\t\t<div class=\"elementor-column elementor-col-25 elementor-inner-column elementor-element elementor-element-461f3c4\" data-id=\"461f3c4\" data-element_type=\"column\">\n\t\t\t<div class=\"elementor-widget-wrap elementor-element-populated\">\n\t\t\t\t\t\t\t\t<div class=\"elementor-element elementor-element-c85b87d elementor-widget elementor-widget-image\" data-id=\"c85b87d\" data-element_type=\"widget\" data-widget_type=\"image.default\">\n\t\t\t\t<div class=\"elementor-widget-container\">\n\t\t\t\t\t\t\t\t\t\t\t\t\t\t\t\t<a href=\"#elementor-action%3Aaction%3Dpopup%3Aopen%26settings%3DeyJpZCI6IjM0OTEiLCJ0b2dnbGUiOmZhbHNlfQ%3D%3D\">\n\t\t\t\t\t\t\t<img decoding=\"async\" width=\"600\" height=\"600\" src=\"https:\/\/firecast.app\/wp-content\/uploads\/2022\/06\/foto-alysson-statica.webp\" class=\"elementor-animation-shrink attachment-large size-large wp-image-1961\" alt=\"\" loading=\"lazy\" srcset=\"https:\/\/firecast.app\/wp-content\/uploads\/2022\/06\/foto-alysson-statica.webp 600w, https:\/\/firecast.app\/wp-content\/uploads\/2022\/06\/foto-alysson-statica-300x300.webp 300w, https:\/\/firecast.app\/wp-content\/uploads\/2022\/06\/foto-alysson-statica-150x150.webp 150w, https:\/\/firecast.app\/wp-content\/uploads\/2022\/06\/foto-alysson-statica-12x12.webp 12w\" sizes=\"(max-width: 600px) 100vw, 600px\" \/>\t\t\t\t\t\t\t\t<\/a>\n\t\t\t\t\t\t\t\t\t\t\t\t\t\t\t<\/div>\n\t\t\t\t<\/div>\n\t\t\t\t\t<\/div>\n\t\t<\/div>\n\t\t\t\t<div class=\"elementor-column elementor-col-25 elementor-inner-column elementor-element elementor-element-e9a194c\" data-id=\"e9a194c\" data-element_type=\"column\">\n\t\t\t<div class=\"elementor-widget-wrap elementor-element-populated\">\n\t\t\t\t\t\t\t\t<div class=\"elementor-element elementor-element-0700744 elementor-widget elementor-widget-text-editor\" data-id=\"0700744\" data-element_type=\"widget\" data-widget_type=\"text-editor.default\">\n\t\t\t\t<div class=\"elementor-widget-container\">\n\t\t\t\t\t\t\t<p>Founder and idealizer of RRPG who is looking forward to the newly-released Firecast 8. Answers through email might take a while.<\/p>\t\t\t\t\t\t<\/div>\n\t\t\t\t<\/div>\n\t\t\t\t\t<\/div>\n\t\t<\/div>\n\t\t\t\t<div class=\"elementor-column elementor-col-25 elementor-inner-column elementor-element elementor-element-c80a724\" data-id=\"c80a724\" data-element_type=\"column\">\n\t\t\t<div class=\"elementor-widget-wrap elementor-element-populated\">\n\t\t\t\t\t\t\t\t<div class=\"elementor-element elementor-element-c7e0101 e-grid-align-right e-grid-align-mobile-center elementor-shape-rounded elementor-grid-0 elementor-widget elementor-widget-social-icons\" data-id=\"c7e0101\" data-element_type=\"widget\" data-widget_type=\"social-icons.default\">\n\t\t\t\t<div class=\"elementor-widget-container\">\n\t\t\t\t\t<div class=\"elementor-social-icons-wrapper elementor-grid\">\n\t\t\t\t\t\t\t<span class=\"elementor-grid-item\">\n\t\t\t\t\t<a class=\"elementor-icon elementor-social-icon elementor-social-icon-envelope elementor-animation-shrink elementor-repeater-item-30800aa\" href=\"mailto:alyssonrpg@gmail.com\" target=\"_blank\">\n\t\t\t\t\t\t<span class=\"elementor-screen-only\">Envelope<\/span>\n\t\t\t\t\t\t<i class=\"fas fa-envelope\"><\/i>\t\t\t\t\t<\/a>\n\t\t\t\t<\/span>\n\t\t\t\t\t<\/div>\n\t\t\t\t<\/div>\n\t\t\t\t<\/div>\n\t\t\t\t\t<\/div>\n\t\t<\/div>\n\t\t\t\t\t\t\t<\/div>\n\t\t<\/section>\n\t\t\t\t<section class=\"elementor-section elementor-inner-section elementor-element elementor-element-18d1eba elementor-section-full_width elementor-section-content-middle elementor-section-height-default elementor-section-height-default\" data-id=\"18d1eba\" data-element_type=\"section\" data-settings=\"{&quot;background_background&quot;:&quot;classic&quot;}\">\n\t\t\t\t\t\t<div class=\"elementor-container elementor-column-gap-default\">\n\t\t\t\t\t<div class=\"elementor-column elementor-col-25 elementor-inner-column elementor-element elementor-element-819636e\" data-id=\"819636e\" data-element_type=\"column\">\n\t\t\t<div class=\"elementor-widget-wrap elementor-element-populated\">\n\t\t\t\t\t\t\t\t<div class=\"elementor-element elementor-element-53fdc79 premium-header-block elementor-widget elementor-widget-premium-addon-dual-header\" data-id=\"53fdc79\" data-element_type=\"widget\" data-widget_type=\"premium-addon-dual-header.default\">\n\t\t\t\t<div class=\"elementor-widget-container\">\n\t\t\t\n\t\t\t\t\t<h2 class=\"premium-dual-header-first-header\"><span class=\"premium-dual-header-first-span\">Jorge Vin\u00edcius <\/span><span class=\"premium-dual-header-second-header\">Ambesek<\/span><\/h2> \t\t\n\t\t\t\t<\/div>\n\t\t\t\t<\/div>\n\t\t\t\t<div class=\"elementor-element elementor-element-bb319ad elementor-widget elementor-widget-heading\" data-id=\"bb319ad\" data-element_type=\"widget\" data-widget_type=\"heading.default\">\n\t\t\t\t<div class=\"elementor-widget-container\">\n\t\t\t<h2 class=\"elementor-heading-title elementor-size-default\">Moderator<\/h2>\t\t<\/div>\n\t\t\t\t<\/div>\n\t\t\t\t\t<\/div>\n\t\t<\/div>\n\t\t\t\t<div class=\"elementor-column elementor-col-25 elementor-inner-column elementor-element elementor-element-4fb28d4\" data-id=\"4fb28d4\" data-element_type=\"column\">\n\t\t\t<div class=\"elementor-widget-wrap elementor-element-populated\">\n\t\t\t\t\t\t\t\t<div class=\"elementor-element elementor-element-6558292 elementor-widget elementor-widget-image\" data-id=\"6558292\" data-element_type=\"widget\" data-widget_type=\"image.default\">\n\t\t\t\t<div class=\"elementor-widget-container\">\n\t\t\t\t\t\t\t\t\t\t\t\t\t\t\t\t<a href=\"#elementor-action%3Aaction%3Dpopup%3Aopen%26settings%3DeyJpZCI6IjM0OTEiLCJ0b2dnbGUiOmZhbHNlfQ%3D%3D\">\n\t\t\t\t\t\t\t<img decoding=\"async\" src=\"https:\/\/firecast.app\/wp-content\/uploads\/2021\/03\/teams-1-rev.jpg\" title=\"\" alt=\"\" class=\"elementor-animation-shrink\" loading=\"lazy\" \/>\t\t\t\t\t\t\t\t<\/a>\n\t\t\t\t\t\t\t\t\t\t\t\t\t\t\t<\/div>\n\t\t\t\t<\/div>\n\t\t\t\t\t<\/div>\n\t\t<\/div>\n\t\t\t\t<div class=\"elementor-column elementor-col-25 elementor-inner-column elementor-element elementor-element-46fa54d\" data-id=\"46fa54d\" data-element_type=\"column\">\n\t\t\t<div class=\"elementor-widget-wrap elementor-element-populated\">\n\t\t\t\t\t\t\t\t<div class=\"elementor-element elementor-element-8a36495 elementor-widget elementor-widget-text-editor\" data-id=\"8a36495\" data-element_type=\"widget\" data-widget_type=\"text-editor.default\">\n\t\t\t\t<div class=\"elementor-widget-container\">\n\t\t\t\t\t\t\t<p>Firecast 8 moderator<\/p>\t\t\t\t\t\t<\/div>\n\t\t\t\t<\/div>\n\t\t\t\t\t<\/div>\n\t\t<\/div>\n\t\t\t\t<div class=\"elementor-column elementor-col-25 elementor-inner-column elementor-element elementor-element-11b501b\" data-id=\"11b501b\" data-element_type=\"column\">\n\t\t\t<div class=\"elementor-widget-wrap elementor-element-populated\">\n\t\t\t\t\t\t\t\t<div class=\"elementor-element elementor-element-1e25f10 e-grid-align-right e-grid-align-mobile-center elementor-shape-rounded elementor-grid-0 elementor-widget elementor-widget-social-icons\" data-id=\"1e25f10\" data-element_type=\"widget\" data-widget_type=\"social-icons.default\">\n\t\t\t\t<div class=\"elementor-widget-container\">\n\t\t\t\t\t<div class=\"elementor-social-icons-wrapper elementor-grid\">\n\t\t\t\t\t\t\t<span class=\"elementor-grid-item\">\n\t\t\t\t\t<a class=\"elementor-icon elementor-social-icon elementor-social-icon-envelope elementor-animation-shrink elementor-repeater-item-038067d\" href=\"mailto:vinnyrpgmeister@gmail.com\" target=\"_blank\">\n\t\t\t\t\t\t<span class=\"elementor-screen-only\">Envelope<\/span>\n\t\t\t\t\t\t<i class=\"fas fa-envelope\"><\/i>\t\t\t\t\t<\/a>\n\t\t\t\t<\/span>\n\t\t\t\t\t<\/div>\n\t\t\t\t<\/div>\n\t\t\t\t<\/div>\n\t\t\t\t\t<\/div>\n\t\t<\/div>\n\t\t\t\t\t\t\t<\/div>\n\t\t<\/section>\n\t\t\t\t\t<\/div>\n\t\t<\/div>\n\t\t\t\t\t\t\t<\/div>\n\t\t<\/section>\n\t\t\t\t<section class=\"elementor-section elementor-top-section elementor-element elementor-element-9d59e77 elementor-section-height-min-height elementor-section-items-top elementor-section-boxed elementor-section-height-default\" data-id=\"9d59e77\" data-element_type=\"section\" data-settings=\"{&quot;background_background&quot;:&quot;classic&quot;}\">\n\t\t\t\t\t\t<div class=\"elementor-container elementor-column-gap-default\">\n\t\t\t\t\t<div class=\"elementor-column elementor-col-100 elementor-top-column elementor-element elementor-element-544192d\" data-id=\"544192d\" data-element_type=\"column\">\n\t\t\t<div class=\"elementor-widget-wrap\">\n\t\t\t\t\t\t\t\t\t<\/div>\n\t\t<\/div>\n\t\t\t\t\t\t\t<\/div>\n\t\t<\/section>\n\t\t\t\t\t\t\t<\/div>","protected":false},"excerpt":{"rendered":"<p>Entre em contato Com a equipe Firecast Estamos ao alcance! Contato Firecast Precisa de ajuda? CANAIS DE SUPORTE E-mail: contato@rrpg.com.brDiscord: https:\/\/discord.gg\/2A4Jq4k9Y6 Quem s\u00e3o as pessoas respons\u00e1veis pelo Firecast? Alysson Cunha Alyssonrpg Progamador e Fundador Fundador e idealizador do RRPG com novas esperan\u00e7as para o Firecast 8. Respostas por email podem demorar. Envelope Jorge Vin\u00edcius Ambesek [&hellip;]<\/p>","protected":false},"author":1,"featured_media":0,"parent":0,"menu_order":0,"comment_status":"closed","ping_status":"closed","template":"elementor_header_footer","meta":{"_mi_skip_tracking":false,"_monsterinsights_sitenote_active":false,"_monsterinsights_sitenote_note":"","_monsterinsights_sitenote_category":0},"yoast_head":"<!-- This site is optimized with the Yoast SEO plugin v20.9 - https:\/\/yoast.com\/wordpress\/plugins\/seo\/ -->\r\n<title>Contact - Firecast<\/title>\r\n<meta name=\"robots\" content=\"index, follow, max-snippet:-1, max-image-preview:large, max-video-preview:-1\" \/>\r\n<link rel=\"canonical\" href=\"https:\/\/firecast.app\/en_us\/contact\/\" \/>\r\n<meta property=\"og:locale\" content=\"en_US\" \/>\r\n<meta property=\"og:type\" content=\"article\" \/>\r\n<meta property=\"og:title\" content=\"Contact - Firecast\" \/>\r\n<meta property=\"og:description\" content=\"Entre em contato Com a equipe Firecast Estamos ao alcance! Contato Firecast Precisa de ajuda? CANAIS DE SUPORTE E-mail: contato@rrpg.com.brDiscord: https:\/\/discord.gg\/2A4Jq4k9Y6 Quem s\u00e3o as pessoas respons\u00e1veis pelo Firecast? Alysson Cunha Alyssonrpg Progamador e Fundador Fundador e idealizador do RRPG com novas esperan\u00e7as para o Firecast 8. Respostas por email podem demorar. Envelope Jorge Vin\u00edcius Ambesek [&hellip;]\" \/>\r\n<meta property=\"og:url\" content=\"https:\/\/firecast.app\/en_us\/contact\/\" \/>\r\n<meta property=\"og:site_name\" content=\"Firecast\" \/>\r\n<meta property=\"article:modified_time\" content=\"2023-08-29T17:12:19+00:00\" \/>\r\n<meta property=\"og:image\" content=\"https:\/\/firecast.app\/wp-content\/uploads\/2022\/06\/foto-alysson-statica.webp\" \/>\r\n<meta name=\"twitter:card\" content=\"summary_large_image\" \/>\r\n<meta name=\"twitter:label1\" content=\"Est. reading time\" \/>\n\t<meta name=\"twitter:data1\" content=\"1 minute\" \/>\r\n<script type=\"application\/ld+json\" class=\"yoast-schema-graph\">{\"@context\":\"https:\/\/schema.org\",\"@graph\":[{\"@type\":\"WebPage\",\"@id\":\"https:\/\/firecast.app\/pt_br\/contact\/\",\"url\":\"https:\/\/firecast.app\/pt_br\/contact\/\",\"name\":\"Contact - Firecast\",\"isPartOf\":{\"@id\":\"https:\/\/firecast.app\/en_us\/#website\"},\"datePublished\":\"2021-03-18T15:28:22+00:00\",\"dateModified\":\"2023-08-29T17:12:19+00:00\",\"breadcrumb\":{\"@id\":\"https:\/\/firecast.app\/pt_br\/contact\/#breadcrumb\"},\"inLanguage\":\"en-US\",\"potentialAction\":[{\"@type\":\"ReadAction\",\"target\":[\"https:\/\/firecast.app\/pt_br\/contact\/\"]}]},{\"@type\":\"BreadcrumbList\",\"@id\":\"https:\/\/firecast.app\/pt_br\/contact\/#breadcrumb\",\"itemListElement\":[{\"@type\":\"ListItem\",\"position\":1,\"name\":\"In\u00edcio\",\"item\":\"https:\/\/firecast.app\/pt_br\/\"},{\"@type\":\"ListItem\",\"position\":2,\"name\":\"Contact\"}]},{\"@type\":\"WebSite\",\"@id\":\"https:\/\/firecast.app\/en_us\/#website\",\"url\":\"https:\/\/firecast.app\/en_us\/\",\"name\":\"Firecast\",\"description\":\"Online Tabletop RPG\",\"publisher\":{\"@id\":\"https:\/\/firecast.app\/en_us\/#organization\"},\"potentialAction\":[{\"@type\":\"SearchAction\",\"target\":{\"@type\":\"EntryPoint\",\"urlTemplate\":\"https:\/\/firecast.app\/en_us\/?s={search_term_string}\"},\"query-input\":\"required name=search_term_string\"}],\"inLanguage\":\"en-US\"},{\"@type\":\"Organization\",\"@id\":\"https:\/\/firecast.app\/en_us\/#organization\",\"name\":\"Firecast\",\"url\":\"https:\/\/firecast.app\/en_us\/\",\"logo\":{\"@type\":\"ImageObject\",\"inLanguage\":\"en-US\",\"@id\":\"https:\/\/firecast.app\/en_us\/#\/schema\/logo\/image\/\",\"url\":\"https:\/\/firecast.app\/wp-content\/uploads\/2021\/03\/cropped-100x100-no-padding.png\",\"contentUrl\":\"https:\/\/firecast.app\/wp-content\/uploads\/2021\/03\/cropped-100x100-no-padding.png\",\"width\":110,\"height\":110,\"caption\":\"Firecast\"},\"image\":{\"@id\":\"https:\/\/firecast.app\/en_us\/#\/schema\/logo\/image\/\"}}]}<\/script>\r\n<!-- \/ Yoast SEO plugin. -->","yoast_head_json":{"title":"Contact - Firecast","robots":{"index":"index","follow":"follow","max-snippet":"max-snippet:-1","max-image-preview":"max-image-preview:large","max-video-preview":"max-video-preview:-1"},"canonical":"https:\/\/firecast.app\/en_us\/contact\/","og_locale":"en_US","og_type":"article","og_title":"Contact - Firecast","og_description":"Entre em contato Com a equipe Firecast Estamos ao alcance! Contato Firecast Precisa de ajuda? CANAIS DE SUPORTE E-mail: contato@rrpg.com.brDiscord: https:\/\/discord.gg\/2A4Jq4k9Y6 Quem s\u00e3o as pessoas respons\u00e1veis pelo Firecast? Alysson Cunha Alyssonrpg Progamador e Fundador Fundador e idealizador do RRPG com novas esperan\u00e7as para o Firecast 8. Respostas por email podem demorar. Envelope Jorge Vin\u00edcius Ambesek [&hellip;]","og_url":"https:\/\/firecast.app\/en_us\/contact\/","og_site_name":"Firecast","article_modified_time":"2023-08-29T17:12:19+00:00","og_image":[{"url":"https:\/\/firecast.app\/wp-content\/uploads\/2022\/06\/foto-alysson-statica.webp"}],"twitter_card":"summary_large_image","twitter_misc":{"Est. reading time":"1 minute"},"schema":{"@context":"https:\/\/schema.org","@graph":[{"@type":"WebPage","@id":"https:\/\/firecast.app\/pt_br\/contact\/","url":"https:\/\/firecast.app\/pt_br\/contact\/","name":"Contact - Firecast","isPartOf":{"@id":"https:\/\/firecast.app\/en_us\/#website"},"datePublished":"2021-03-18T15:28:22+00:00","dateModified":"2023-08-29T17:12:19+00:00","breadcrumb":{"@id":"https:\/\/firecast.app\/pt_br\/contact\/#breadcrumb"},"inLanguage":"en-US","potentialAction":[{"@type":"ReadAction","target":["https:\/\/firecast.app\/pt_br\/contact\/"]}]},{"@type":"BreadcrumbList","@id":"https:\/\/firecast.app\/pt_br\/contact\/#breadcrumb","itemListElement":[{"@type":"ListItem","position":1,"name":"In\u00edcio","item":"https:\/\/firecast.app\/pt_br\/"},{"@type":"ListItem","position":2,"name":"Contact"}]},{"@type":"WebSite","@id":"https:\/\/firecast.app\/en_us\/#website","url":"https:\/\/firecast.app\/en_us\/","name":"Firecast","description":"Online Tabletop RPG","publisher":{"@id":"https:\/\/firecast.app\/en_us\/#organization"},"potentialAction":[{"@type":"SearchAction","target":{"@type":"EntryPoint","urlTemplate":"https:\/\/firecast.app\/en_us\/?s={search_term_string}"},"query-input":"required name=search_term_string"}],"inLanguage":"en-US"},{"@type":"Organization","@id":"https:\/\/firecast.app\/en_us\/#organization","name":"Firecast","url":"https:\/\/firecast.app\/en_us\/","logo":{"@type":"ImageObject","inLanguage":"en-US","@id":"https:\/\/firecast.app\/en_us\/#\/schema\/logo\/image\/","url":"https:\/\/firecast.app\/wp-content\/uploads\/2021\/03\/cropped-100x100-no-padding.png","contentUrl":"https:\/\/firecast.app\/wp-content\/uploads\/2021\/03\/cropped-100x100-no-padding.png","width":110,"height":110,"caption":"Firecast"},"image":{"@id":"https:\/\/firecast.app\/en_us\/#\/schema\/logo\/image\/"}}]}},"_links":{"self":[{"href":"https:\/\/firecast.app\/en_us\/wp-json\/wp\/v2\/pages\/107"}],"collection":[{"href":"https:\/\/firecast.app\/en_us\/wp-json\/wp\/v2\/pages"}],"about":[{"href":"https:\/\/firecast.app\/en_us\/wp-json\/wp\/v2\/types\/page"}],"author":[{"embeddable":true,"href":"https:\/\/firecast.app\/en_us\/wp-json\/wp\/v2\/users\/1"}],"replies":[{"embeddable":true,"href":"https:\/\/firecast.app\/en_us\/wp-json\/wp\/v2\/comments?post=107"}],"version-history":[{"count":64,"href":"https:\/\/firecast.app\/en_us\/wp-json\/wp\/v2\/pages\/107\/revisions"}],"predecessor-version":[{"id":2083,"href":"https:\/\/firecast.app\/en_us\/wp-json\/wp\/v2\/pages\/107\/revisions\/2083"}],"wp:attachment":[{"href":"https:\/\/firecast.app\/en_us\/wp-json\/wp\/v2\/media?parent=107"}],"curies":[{"name":"wp","href":"https:\/\/api.w.org\/{rel}","templated":true}]}}