{"id":1628,"date":"2021-08-15T11:31:17","date_gmt":"2021-08-15T14:31:17","guid":{"rendered":"https:\/\/firecast.app\/?page_id=1628"},"modified":"2021-08-26T15:31:46","modified_gmt":"2021-08-26T18:31:46","slug":"tips-to-improve","status":"publish","type":"page","link":"https:\/\/firecast.app\/en_us\/tips-to-improve\/","title":{"rendered":"RPG online: o que \u00e9 bom pode ser ainda melhor!"},"content":{"rendered":"<div data-elementor-type=\"wp-page\" data-elementor-id=\"1628\" class=\"elementor elementor-1628\">\n\t\t\t\t\t\t\t\t\t<section class=\"elementor-section elementor-top-section elementor-element elementor-element-27e21eb9 elementor-section-full_width elementor-section-height-default elementor-section-height-default\" data-id=\"27e21eb9\" data-element_type=\"section\">\n\t\t\t\t\t\t<div class=\"elementor-container elementor-column-gap-no\">\n\t\t\t\t\t<div class=\"elementor-column elementor-col-100 elementor-top-column elementor-element elementor-element-30d66d6e\" data-id=\"30d66d6e\" data-element_type=\"column\">\n\t\t\t<div class=\"elementor-widget-wrap elementor-element-populated\">\n\t\t\t\t\t\t\t\t\t<\/div>\n\t\t<\/div>\n\t\t\t\t\t\t\t<\/div>\n\t\t<\/section>\n\t\t\t\t<section class=\"elementor-section elementor-top-section elementor-element elementor-element-64d75db2 elementor-section-full_width elementor-section-height-default elementor-section-height-default\" data-id=\"64d75db2\" data-element_type=\"section\" id=\"banner\" data-settings=\"{&quot;background_background&quot;:&quot;classic&quot;}\">\n\t\t\t\t\t\t<div class=\"elementor-container elementor-column-gap-no\">\n\t\t\t\t\t<div class=\"elementor-column elementor-col-100 elementor-top-column elementor-element elementor-element-1f5113b4\" data-id=\"1f5113b4\" data-element_type=\"column\">\n\t\t\t<div class=\"elementor-widget-wrap elementor-element-populated\">\n\t\t\t\t\t\t\t\t<div class=\"elementor-element elementor-element-567329e5 elementor-widget elementor-widget-theme-post-title elementor-page-title elementor-widget-heading\" data-id=\"567329e5\" data-element_type=\"widget\" data-widget_type=\"theme-post-title.default\">\n\t\t\t\t<div class=\"elementor-widget-container\">\n\t\t\t<h1 class=\"elementor-heading-title elementor-size-default\">RPG online: o que \u00e9 bom pode ser ainda melhor!<\/h1>\t\t<\/div>\n\t\t\t\t<\/div>\n\t\t\t\t<div class=\"elementor-element elementor-element-68723b58 elementor-author-box--layout-image-above elementor-author-box--align-center elementor-author-box--avatar-yes elementor-author-box--name-yes elementor-author-box--biography-yes elementor-author-box--link-no elementor-widget elementor-widget-author-box\" data-id=\"68723b58\" data-element_type=\"widget\" data-widget_type=\"author-box.default\">\n\t\t\t\t<div class=\"elementor-widget-container\">\n\t\t\t\t\t<div class=\"elementor-author-box\">\n\t\t\t\t\t\t\t<div  class=\"elementor-author-box__avatar\">\n\t\t\t\t\t<img decoding=\"async\" src=\"https:\/\/secure.gravatar.com\/avatar\/90320b7f1cca34f87d14c2d941728b74?s=300&#038;d=mm&#038;r=g\" alt=\"Isabela Souza\" loading=\"lazy\">\n\t\t\t\t<\/div>\n\t\t\t\n\t\t\t<div class=\"elementor-author-box__text\">\n\t\t\t\t\t\t\t\t\t<div >\n\t\t\t\t\t\t<h4 class=\"elementor-author-box__name\">\n\t\t\t\t\t\t\tIsabela Souza\t\t\t\t\t\t<\/h4>\n\t\t\t\t\t<\/div>\n\t\t\t\t\n\t\t\t\t\t\t\t\t\t<div class=\"elementor-author-box__bio\">\n\t\t\t\t\t\tGraduanda em Jornalismo pela Universidade Federal de S\u00e3o Jo\u00e3o del-Rei e RPGista h\u00e1 mais de dois anos.\t\t\t\t\t<\/div>\n\t\t\t\t\n\t\t\t\t\t\t\t<\/div>\n\t\t<\/div>\n\t\t\t\t<\/div>\n\t\t\t\t<\/div>\n\t\t\t\t\t<\/div>\n\t\t<\/div>\n\t\t\t\t\t\t\t<\/div>\n\t\t<\/section>\n\t\t\t\t<section class=\"elementor-section elementor-top-section elementor-element elementor-element-658311c elementor-section-boxed elementor-section-height-default elementor-section-height-default\" data-id=\"658311c\" data-element_type=\"section\">\n\t\t\t\t\t\t<div class=\"elementor-container elementor-column-gap-default\">\n\t\t\t\t\t<div class=\"elementor-column elementor-col-100 elementor-top-column elementor-element elementor-element-a5f2522\" data-id=\"a5f2522\" data-element_type=\"column\">\n\t\t\t<div class=\"elementor-widget-wrap elementor-element-populated\">\n\t\t\t\t\t\t\t\t<div class=\"elementor-element elementor-element-285313d elementor-widget elementor-widget-text-editor\" data-id=\"285313d\" data-element_type=\"widget\" data-widget_type=\"text-editor.default\">\n\t\t\t\t<div class=\"elementor-widget-container\">\n\t\t\t\t\t\t\t<p><span style=\"font-weight: 400;\">O RPG online \u00e9 uma modalidade de jogo que sempre chamou a aten\u00e7\u00e3o por sua capacidade de conectar jogadores de diversos lugares. Para aqueles que sempre quiseram jogar e nunca encontraram uma mesa presencial, esse \u00e9 o espa\u00e7o para mergulhar no RPG e encontrar novos amigos e aventuras!\u00a0<\/span><\/p><p><span style=\"font-weight: 400;\">Desenvolvido inicialmente por meio de texto, o RPG online ganhou cada vez mais espa\u00e7o na comunidade, apesar das limita\u00e7\u00f5es. E foi pensando em tornar essa modalidade ainda mais acess\u00edvel e atrativa que jogadores come\u00e7aram a desenvolver mecanismos e plataformas de jogo, trazendo para o ambiente virtual o melhor das mesas presenciais.\u00a0<\/span><\/p><p><span style=\"font-weight: 400;\">Atualmente, o RPG online superou as compara\u00e7\u00f5es com o presencial, se mostrando uma solu\u00e7\u00e3o eficiente para a rotina e as demais dificuldades dos encontros presenciais, principalmente em tempos de pandemia. Assim, as ferramentas e conte\u00fados criados para o virtual &#8211; como \u00e9 o caso do\u00a0<\/span><a href=\"https:\/\/firecast.app\/pt_br\/\" target=\"_blank\" rel=\"noopener\">Firecast<\/a><b>\u00a0<\/b><span style=\"font-weight: 400;\">&#8211; adaptam o jogo \u00e0s novas tecnologias, adicionando praticidade e agilidade \u00e0s sess\u00f5es.\u00a0<\/span><\/p><p><span style=\"font-weight: 400;\">Mas fazer do RPG online um ambiente plural, acess\u00edvel e agrad\u00e1vel \u00e9 um trabalho cont\u00ednuo. Felizmente, a comunidade est\u00e1 repleta de pessoas dispostas a dedicar esfor\u00e7o a essa tarefa. Aqui, alguns desses projetos ganham destaque, n\u00e3o s\u00f3 por se alinharem aos objetivos do Firecast, mas por fazerem do RPG um lugar mais criativo e aberto para todos.<\/span><\/p><p><span style=\"font-weight: 400;\">Ent\u00e3o, se voc\u00ea quer melhorar seu jogo e sua mesa, fique ligado nessas indica\u00e7\u00f5es de produ\u00e7\u00f5es nacionais que v\u00e3o expandir seus horizontes!\u00a0<\/span><\/p><h2><b>Aumente seu repert\u00f3rio sobre RPG<\/b><\/h2><p><span style=\"font-weight: 400;\">Muitos sistemas de RPG tem como base produ\u00e7\u00f5es cinematogr\u00e1ficas e liter\u00e1rias, que fazem sucesso no meio\u00a0<i>geek<\/i>. Se familiarizar com esse tipo de conte\u00fado \u00e9 uma boa forma de aumentar seu repert\u00f3rio de fic\u00e7\u00e3o e fantasia, melhorando o jogo desde o roleplay at\u00e9 o combate. E que maneira melhor de fazer isso do que ouvindo um bom podcast?\u00a0<\/span><\/p><p><span style=\"font-weight: 400;\">A\u00a0<\/span><a href=\"https:\/\/caixinhaquantica.com.br\/\" target=\"_blank\" rel=\"noopener\">Caixinha Qu\u00e2ntica<\/a><span style=\"font-weight: 400;\">\u00a0\u00e9 um projeto voltado para RPG e entretenimento, que aborda as tem\u00e1ticas com um olhar cr\u00edtico e descontra\u00eddo. O podcast conta com quadros variados, como o Jogada de Mestre, com dicas e detalhes das regras de jogo, e o Drag\u00e3o Falante, uma conversa de taberna que traz convidados para falar sobre diversos aspectos do RPG. Os epis\u00f3dios s\u00e3o lan\u00e7ados semanalmente, ent\u00e3o se voc\u00ea quiser se manter atualizado sobre tudo que acontece no universo do RPG, fique ligado na Caixinha!<\/span><\/p><p><span style=\"font-weight: 400;\">Para mais dicas pr\u00e1ticas de jogo, o site\u00a0<\/span><a href=\"https:\/\/rpgtips.com.br\/\" target=\"_blank\" rel=\"noopener\">RPG Tips<\/a><b>\u00a0<\/b><span style=\"font-weight: 400;\">\u00e9 uma plataforma voltada para conte\u00fados explicativos para melhorar a jogabilidade da mesa. Baseados na experi\u00eancia de seu idealizador, a proposta \u00e9 ajudar mestres e jogadores a lidar com imprevistos atrav\u00e9s da troca de conhecimentos sobre o jogo.<\/span><\/p><p><span style=\"font-weight: 400;\">E se o assunto \u00e9 informa\u00e7\u00e3o, a web reportagem<\/span><a href=\"https:\/\/www.pixel-e-papel.com\/\" target=\"_blank\" rel=\"noopener\"> P\u00ecxel &amp; Papel<\/a><b>\u00a0<\/b><span style=\"font-weight: 400;\">aprofunda sua pesquisa nas rela\u00e7\u00f5es entre RPGistas dentro do ambiente virtual, trabalhando temas como diversidade, pandemia e outras quest\u00f5es recorrentes do RPG que merecem aten\u00e7\u00e3o. Tudo isso sob a perspectiva de 21 jogadores, vindos de contextos e experi\u00eancias diferentes. Ent\u00e3o, o texto \u00e9 uma leitura importante para quem acredita que o RPG pode cruzar as barreiras da fic\u00e7\u00e3o e gerar conex\u00f5es reais entre as pessoas.<\/span><\/p><h2><b>Se aventure em novas experi\u00eancias!<\/b><\/h2><p><span style=\"font-weight: 400;\">Assim como se informar sobre RPG aumenta seu repert\u00f3rio, explorar novas hist\u00f3rias e sistemas amplia as possibilidades de cria\u00e7\u00e3o no jogo. Dessa forma, o contato com diferentes produ\u00e7\u00f5es melhora as habilidades de improvisa\u00e7\u00e3o, apresentando novas perspectivas sobre regras e mec\u00e2nicas j\u00e1 conhecidas.<\/span><\/p><p><span style=\"font-weight: 400;\">O\u00a0<\/span><a href=\"https:\/\/www.tagmar.com.br\/\" target=\"_blank\" rel=\"noopener\">Tagmar RPG<\/a>\u00a0<span style=\"font-weight: 400;\">\u00e9 uma produ\u00e7\u00e3o nacional, que orgulhosamente carrega o t\u00edtulo de primeiro RPG brasileiro. Lan\u00e7ado em 1991, o projeto trouxe inova\u00e7\u00f5es para o RPG da \u00e9poca e 30 anos depois, se encontra em sua terceira vers\u00e3o. Tagmar RPG faz sucesso entre os RPGistas por se tratar de um sistema profissional e ainda assim, gratuito. O cen\u00e1rio traz o melhor da fantasia medieval, sem deixar de lado o realismo.<\/span><\/p><p><span style=\"font-weight: 400;\">Seguindo a filosofia de levar ao p\u00fablico um conte\u00fado acess\u00edvel, a editora e produtora\u00a0<\/span><a href=\"http:\/\/coisinhaverde.com.br\/jogos\/\" target=\"_blank\" rel=\"noopener\">Coisinha Verde<\/a>\u00a0<span style=\"font-weight: 400;\">publicou sistemas como <i>Mighty Blade<\/i> e\u00a0<i>Nebula<\/i>, somando mais de 60 jogos desenvolvidos e distribu\u00eddos a pre\u00e7o de custo na internet. Al\u00e9m disso, seu idealizador possui uma plataforma online de cursos para cria\u00e7\u00e3o de jogos anal\u00f3gicos, democratizando ainda mais o acesso ao tema. Ent\u00e3o, se voc\u00ea tem interesse em entrar no mundo do design de jogos ou est\u00e1 procurando um sistema divertido e original, a editora possui uma gama de t\u00edtulos dos mais variados g\u00eaneros, que com certeza v\u00e3o atender \u00e0s suas expectativas.<\/span><\/p><p><span style=\"font-weight: 400;\">Se voc\u00ea quer experimentar jogos com uma ambienta\u00e7\u00e3o diferente, a editora\u00a0<\/span><a href=\"http:\/\/www.huginnemuninn.com.br\/\" target=\"_blank\" rel=\"noopener\">Huginn &amp; Muninn<\/a><b>\u00a0<\/b><span style=\"font-weight: 400;\">\u00e9 especializada em produ\u00e7\u00f5es voltadas para g\u00eaneros pouco comuns no RPG, como terror. Dessa forma, em seu site \u00e9 poss\u00edvel encontrar t\u00edtulos nacionais com os mais diversos cen\u00e1rios, como <\/span><i><span style=\"font-weight: 400;\">Sigmata<\/span><\/i><span style=\"font-weight: 400;\">, que se passa em uma vers\u00e3o dist\u00f3pica e <\/span><i><span style=\"font-weight: 400;\">cyberpunk <\/span><\/i><span style=\"font-weight: 400;\">dos Estados Unidos de 1980.<\/span><\/p><p><span style=\"font-weight: 400;\">J\u00e1 o<\/span><b>\u00a0<\/b><a href=\"http:\/\/ligeiarpg.blogspot.com\/\" target=\"_blank\" rel=\"noopener\">Ligeia RPG<\/a><span style=\"font-weight: 400;\">\u00a0\u00e9 uma produ\u00e7\u00e3o nacional que est\u00e1 partindo para sua segunda edi\u00e7\u00e3o gra\u00e7as a um financiamento coletivo. O cen\u00e1rio permite que os jogadores lutem por sua sobreviv\u00eancia em um mundo devastado por guerras divinas. Sua simplicidade permite que seja um sistema acess\u00edvel e completo, ideal para quem quer fugir dos jogos habituais.\u00a0<\/span><\/p><h2><b>Expanda seu material de jogo<\/b><\/h2><p><span style=\"font-weight: 400;\">Agora que voc\u00ea sabe onde encontrar novas experi\u00eancias e informa\u00e7\u00f5es sobre RPG, \u00e9 hora de inovar nas suas campanhas. Pensando nisso, o projeto <\/span><a href=\"https:\/\/www.nasregrasdacasa.com.br\/\"><b>Nas Regras da Casa<\/b><\/a><span style=\"font-weight: 400;\"> \u00e9 uma alternativa para quem quer explorar novos materiais para sair da mesmice. A ideia \u00e9 oferecer aos jogadores itens, amea\u00e7as e personagens para suas aventuras, permitindo que o mestre ofere\u00e7a uma experi\u00eancia completa e in\u00e9dita \u00e0 mesa. Se voc\u00ea gosta de criar suas hist\u00f3rias e cen\u00e1rios, o <\/span><a href=\"https:\/\/www.lbmmapmaker.com\/\" target=\"_blank\" rel=\"noopener\">LBM Mapmaker<\/a><b>\u00a0<\/b><span style=\"font-weight: 400;\">vai te ajudar a tirar as ideias do papel. Com um amplo portf\u00f3lio e qualidade garantida, o artista Lucas Munerat cria mapas em diferentes escalas, desde <\/span><i><span style=\"font-weight: 400;\">grids <\/span><\/i><span style=\"font-weight: 400;\">de combate a mapas de mundos inteiros.\u00a0<\/span><\/p><p><span style=\"font-weight: 400;\">Essas s\u00e3o apenas algumas das produ\u00e7\u00f5es do RPG nacional que t\u00eam trazido novas abordagens para um mundo fant\u00e1stico que conhecemos bem, mas que ainda possui muito espa\u00e7o para crescer. E se voc\u00ea quer melhorar mais ainda sua experi\u00eancia com RPG online, a comunidade do Firecast est\u00e1 de portas abertas, com mais de 10 mil usu\u00e1rios espalhados no pa\u00eds e no mundo.\u00a0<\/span><\/p>\t\t\t\t\t\t<\/div>\n\t\t\t\t<\/div>\n\t\t\t\t\t<\/div>\n\t\t<\/div>\n\t\t\t\t\t\t\t<\/div>\n\t\t<\/section>\n\t\t\t\t<section class=\"elementor-section elementor-top-section elementor-element elementor-element-f4938e8 elementor-section-boxed elementor-section-height-default elementor-section-height-default\" data-id=\"f4938e8\" data-element_type=\"section\">\n\t\t\t\t\t\t<div class=\"elementor-container elementor-column-gap-default\">\n\t\t\t\t\t<div class=\"elementor-column elementor-col-100 elementor-top-column elementor-element elementor-element-f790b83\" data-id=\"f790b83\" data-element_type=\"column\">\n\t\t\t<div class=\"elementor-widget-wrap\">\n\t\t\t\t\t\t\t\t\t<\/div>\n\t\t<\/div>\n\t\t\t\t\t\t\t<\/div>\n\t\t<\/section>\n\t\t\t\t\t\t\t<\/div>","protected":false},"excerpt":{"rendered":"<p>O RPG online \u00e9 uma modalidade de jogo que sempre chamou a aten\u00e7\u00e3o por sua capacidade de conectar jogadores de diversos lugares. Para aqueles que sempre quiseram jogar e nunca encontraram uma mesa presencial, esse \u00e9 o espa\u00e7o para mergulhar no RPG e encontrar novos amigos e aventuras!\u00a0 Desenvolvido inicialmente por meio de texto, o [&hellip;]<\/p>","protected":false},"author":4,"featured_media":0,"parent":0,"menu_order":0,"comment_status":"closed","ping_status":"closed","template":"elementor_header_footer","meta":{"_mi_skip_tracking":false,"_monsterinsights_sitenote_active":false,"_monsterinsights_sitenote_note":"","_monsterinsights_sitenote_category":0},"yoast_head":"<!-- This site is optimized with the Yoast SEO plugin v20.9 - https:\/\/yoast.com\/wordpress\/plugins\/seo\/ -->\r\n<title>RPG online: o que \u00e9 bom pode ser ainda melhor! - Firecast<\/title>\r\n<meta name=\"robots\" content=\"index, follow, max-snippet:-1, max-image-preview:large, max-video-preview:-1\" \/>\r\n<link rel=\"canonical\" href=\"https:\/\/firecast.app\/en_us\/tips-to-improve\/\" \/>\r\n<meta property=\"og:locale\" content=\"en_US\" \/>\r\n<meta property=\"og:type\" content=\"article\" \/>\r\n<meta property=\"og:title\" content=\"RPG online: o que \u00e9 bom pode ser ainda melhor! - Firecast\" \/>\r\n<meta property=\"og:description\" content=\"O RPG online \u00e9 uma modalidade de jogo que sempre chamou a aten\u00e7\u00e3o por sua capacidade de conectar jogadores de diversos lugares. Para aqueles que sempre quiseram jogar e nunca encontraram uma mesa presencial, esse \u00e9 o espa\u00e7o para mergulhar no RPG e encontrar novos amigos e aventuras!\u00a0 Desenvolvido inicialmente por meio de texto, o [&hellip;]\" \/>\r\n<meta property=\"og:url\" content=\"https:\/\/firecast.app\/en_us\/tips-to-improve\/\" \/>\r\n<meta property=\"og:site_name\" content=\"Firecast\" \/>\r\n<meta property=\"article:modified_time\" content=\"2021-08-26T18:31:46+00:00\" \/>\r\n<meta name=\"twitter:card\" content=\"summary_large_image\" \/>\r\n<meta name=\"twitter:label1\" content=\"Est. reading time\" \/>\n\t<meta name=\"twitter:data1\" content=\"5 minutes\" \/>\r\n<script type=\"application\/ld+json\" class=\"yoast-schema-graph\">{\"@context\":\"https:\/\/schema.org\",\"@graph\":[{\"@type\":\"WebPage\",\"@id\":\"https:\/\/firecast.app\/en_us\/tips-to-improve\/\",\"url\":\"https:\/\/firecast.app\/en_us\/tips-to-improve\/\",\"name\":\"RPG online: o que \u00e9 bom pode ser ainda melhor! - Firecast\",\"isPartOf\":{\"@id\":\"https:\/\/firecast.app\/en_us\/#website\"},\"datePublished\":\"2021-08-15T14:31:17+00:00\",\"dateModified\":\"2021-08-26T18:31:46+00:00\",\"breadcrumb\":{\"@id\":\"https:\/\/firecast.app\/en_us\/tips-to-improve\/#breadcrumb\"},\"inLanguage\":\"en-US\",\"potentialAction\":[{\"@type\":\"ReadAction\",\"target\":[\"https:\/\/firecast.app\/en_us\/tips-to-improve\/\"]}]},{\"@type\":\"BreadcrumbList\",\"@id\":\"https:\/\/firecast.app\/en_us\/tips-to-improve\/#breadcrumb\",\"itemListElement\":[{\"@type\":\"ListItem\",\"position\":1,\"name\":\"In\u00edcio\",\"item\":\"https:\/\/firecast.app\/pt_br\/\"},{\"@type\":\"ListItem\",\"position\":2,\"name\":\"RPG online: o que \u00e9 bom pode ser ainda melhor!\"}]},{\"@type\":\"WebSite\",\"@id\":\"https:\/\/firecast.app\/en_us\/#website\",\"url\":\"https:\/\/firecast.app\/en_us\/\",\"name\":\"Firecast\",\"description\":\"Online Tabletop RPG\",\"publisher\":{\"@id\":\"https:\/\/firecast.app\/en_us\/#organization\"},\"potentialAction\":[{\"@type\":\"SearchAction\",\"target\":{\"@type\":\"EntryPoint\",\"urlTemplate\":\"https:\/\/firecast.app\/en_us\/?s={search_term_string}\"},\"query-input\":\"required name=search_term_string\"}],\"inLanguage\":\"en-US\"},{\"@type\":\"Organization\",\"@id\":\"https:\/\/firecast.app\/en_us\/#organization\",\"name\":\"Firecast\",\"url\":\"https:\/\/firecast.app\/en_us\/\",\"logo\":{\"@type\":\"ImageObject\",\"inLanguage\":\"en-US\",\"@id\":\"https:\/\/firecast.app\/en_us\/#\/schema\/logo\/image\/\",\"url\":\"https:\/\/firecast.app\/wp-content\/uploads\/2021\/03\/cropped-100x100-no-padding.png\",\"contentUrl\":\"https:\/\/firecast.app\/wp-content\/uploads\/2021\/03\/cropped-100x100-no-padding.png\",\"width\":110,\"height\":110,\"caption\":\"Firecast\"},\"image\":{\"@id\":\"https:\/\/firecast.app\/en_us\/#\/schema\/logo\/image\/\"}}]}<\/script>\r\n<!-- \/ Yoast SEO plugin. -->","yoast_head_json":{"title":"RPG online: o que \u00e9 bom pode ser ainda melhor! - Firecast","robots":{"index":"index","follow":"follow","max-snippet":"max-snippet:-1","max-image-preview":"max-image-preview:large","max-video-preview":"max-video-preview:-1"},"canonical":"https:\/\/firecast.app\/en_us\/tips-to-improve\/","og_locale":"en_US","og_type":"article","og_title":"RPG online: o que \u00e9 bom pode ser ainda melhor! - Firecast","og_description":"O RPG online \u00e9 uma modalidade de jogo que sempre chamou a aten\u00e7\u00e3o por sua capacidade de conectar jogadores de diversos lugares. Para aqueles que sempre quiseram jogar e nunca encontraram uma mesa presencial, esse \u00e9 o espa\u00e7o para mergulhar no RPG e encontrar novos amigos e aventuras!\u00a0 Desenvolvido inicialmente por meio de texto, o [&hellip;]","og_url":"https:\/\/firecast.app\/en_us\/tips-to-improve\/","og_site_name":"Firecast","article_modified_time":"2021-08-26T18:31:46+00:00","twitter_card":"summary_large_image","twitter_misc":{"Est. reading time":"5 minutes"},"schema":{"@context":"https:\/\/schema.org","@graph":[{"@type":"WebPage","@id":"https:\/\/firecast.app\/en_us\/tips-to-improve\/","url":"https:\/\/firecast.app\/en_us\/tips-to-improve\/","name":"RPG online: o que \u00e9 bom pode ser ainda melhor! - Firecast","isPartOf":{"@id":"https:\/\/firecast.app\/en_us\/#website"},"datePublished":"2021-08-15T14:31:17+00:00","dateModified":"2021-08-26T18:31:46+00:00","breadcrumb":{"@id":"https:\/\/firecast.app\/en_us\/tips-to-improve\/#breadcrumb"},"inLanguage":"en-US","potentialAction":[{"@type":"ReadAction","target":["https:\/\/firecast.app\/en_us\/tips-to-improve\/"]}]},{"@type":"BreadcrumbList","@id":"https:\/\/firecast.app\/en_us\/tips-to-improve\/#breadcrumb","itemListElement":[{"@type":"ListItem","position":1,"name":"In\u00edcio","item":"https:\/\/firecast.app\/pt_br\/"},{"@type":"ListItem","position":2,"name":"RPG online: o que \u00e9 bom pode ser ainda melhor!"}]},{"@type":"WebSite","@id":"https:\/\/firecast.app\/en_us\/#website","url":"https:\/\/firecast.app\/en_us\/","name":"Firecast","description":"Online Tabletop RPG","publisher":{"@id":"https:\/\/firecast.app\/en_us\/#organization"},"potentialAction":[{"@type":"SearchAction","target":{"@type":"EntryPoint","urlTemplate":"https:\/\/firecast.app\/en_us\/?s={search_term_string}"},"query-input":"required name=search_term_string"}],"inLanguage":"en-US"},{"@type":"Organization","@id":"https:\/\/firecast.app\/en_us\/#organization","name":"Firecast","url":"https:\/\/firecast.app\/en_us\/","logo":{"@type":"ImageObject","inLanguage":"en-US","@id":"https:\/\/firecast.app\/en_us\/#\/schema\/logo\/image\/","url":"https:\/\/firecast.app\/wp-content\/uploads\/2021\/03\/cropped-100x100-no-padding.png","contentUrl":"https:\/\/firecast.app\/wp-content\/uploads\/2021\/03\/cropped-100x100-no-padding.png","width":110,"height":110,"caption":"Firecast"},"image":{"@id":"https:\/\/firecast.app\/en_us\/#\/schema\/logo\/image\/"}}]}},"_links":{"self":[{"href":"https:\/\/firecast.app\/en_us\/wp-json\/wp\/v2\/pages\/1628"}],"collection":[{"href":"https:\/\/firecast.app\/en_us\/wp-json\/wp\/v2\/pages"}],"about":[{"href":"https:\/\/firecast.app\/en_us\/wp-json\/wp\/v2\/types\/page"}],"author":[{"embeddable":true,"href":"https:\/\/firecast.app\/en_us\/wp-json\/wp\/v2\/users\/4"}],"replies":[{"embeddable":true,"href":"https:\/\/firecast.app\/en_us\/wp-json\/wp\/v2\/comments?post=1628"}],"version-history":[{"count":71,"href":"https:\/\/firecast.app\/en_us\/wp-json\/wp\/v2\/pages\/1628\/revisions"}],"predecessor-version":[{"id":1793,"href":"https:\/\/firecast.app\/en_us\/wp-json\/wp\/v2\/pages\/1628\/revisions\/1793"}],"wp:attachment":[{"href":"https:\/\/firecast.app\/en_us\/wp-json\/wp\/v2\/media?parent=1628"}],"curies":[{"name":"wp","href":"https:\/\/api.w.org\/{rel}","templated":true}]}}